{"id":5846,"date":"2021-08-17T12:25:47","date_gmt":"2021-08-17T16:25:47","guid":{"rendered":"https:\/\/www.grey-box.ca\/contenu-disponible\/"},"modified":"2022-11-30T12:19:19","modified_gmt":"2022-11-30T17:19:19","slug":"contenu-disponible","status":"publish","type":"page","link":"https:\/\/www.grey-box.ca\/fr\/contenu-disponible\/","title":{"rendered":"Contenu disponible"},"content":{"rendered":"<p>[et_pb_section fb_built=\u00a0\u00bb1&Prime; admin_label=\u00a0\u00bbHeader\u00a0\u00bb module_class=\u00a0\u00bbbackdrop-filter\u00a0\u00bb _builder_version=\u00a0\u00bb4.16&Prime; background_color=\u00a0\u00bbrgba(0,0,0,0.42)\u00a0\u00bb background_image=\u00a0\u00bbhttps:\/\/www.grey-box.ca\/wp-content\/uploads\/2021\/07\/annie-spratt-OIuCXxx08yg-unsplash-1.jpg\u00a0\u00bb background_blend=\u00a0\u00bbmultiply\u00a0\u00bb custom_margin=\u00a0\u00bb||-2px|||\u00a0\u00bb collapsed=\u00a0\u00bboff\u00a0\u00bb global_colors_info=\u00a0\u00bb{}\u00a0\u00bb][et_pb_row column_structure=\u00a0\u00bb3_5,2_5&Prime; admin_label=\u00a0\u00bbrow\u00a0\u00bb _builder_version=\u00a0\u00bb4.17.4&Prime; background_enable_color=\u00a0\u00bboff\u00a0\u00bb background_size=\u00a0\u00bbinitial\u00a0\u00bb background_position=\u00a0\u00bbtop_left\u00a0\u00bb background_repeat=\u00a0\u00bbrepeat\u00a0\u00bb width=\u00a0\u00bb90%\u00a0\u00bb max_width=\u00a0\u00bb1428px\u00a0\u00bb module_alignment=\u00a0\u00bbcenter\u00a0\u00bb custom_margin=\u00a0\u00bb||||false|false\u00a0\u00bb custom_padding=\u00a0\u00bb2%||2%||true|false\u00a0\u00bb custom_css_main_element=\u00a0\u00bb||||\u00a0\u00bb global_colors_info=\u00a0\u00bb{}\u00a0\u00bb][et_pb_column type=\u00a0\u00bb3_5&Prime; module_class=\u00a0\u00bbpa-inline-buttons\u00a0\u00bb _builder_version=\u00a0\u00bb4.17.4&Prime; background_color=\u00a0\u00bbrgba(255,255,255,0.72)\u00a0\u00bb custom_padding=\u00a0\u00bb4%|4%|4%|4%|true|true\u00a0\u00bb global_colors_info=\u00a0\u00bb{}\u00a0\u00bb custom_padding__hover=\u00a0\u00bb|||\u00a0\u00bb][et_pb_text _builder_version=\u00a0\u00bb4.18.0&Prime; text_font=\u00a0\u00bb||||||||\u00a0\u00bb text_font_size=\u00a0\u00bb22px\u00a0\u00bb text_line_height=\u00a0\u00bb2em\u00a0\u00bb header_font=\u00a0\u00bbFaustina|600|||||||\u00a0\u00bb header_text_align=\u00a0\u00bbcenter\u00a0\u00bb header_text_color=\u00a0\u00bb#008080&Prime; header_font_size=\u00a0\u00bb60px\u00a0\u00bb text_orientation=\u00a0\u00bbcenter\u00a0\u00bb max_width=\u00a0\u00bb800px\u00a0\u00bb module_alignment=\u00a0\u00bbcenter\u00a0\u00bb custom_margin=\u00a0\u00bb||18px|||\u00a0\u00bb header_font_size_tablet=\u00a0\u00bb50px\u00a0\u00bb header_font_size_phone=\u00a0\u00bb40px\u00a0\u00bb header_font_size_last_edited=\u00a0\u00bbon|phone\u00a0\u00bb global_colors_info=\u00a0\u00bb{}\u00a0\u00bb header_letter_spacing__hover_enabled=\u00a0\u00bbon|desktop\u00a0\u00bb]<\/p>\n<h1 style=\"text-align: left;\"><span style=\"color: #008080;\">Contenu disponible<\/span><\/h1>\n<p>[\/et_pb_text][et_pb_text _builder_version=\u00a0\u00bb4.18.0&Prime; text_font=\u00a0\u00bb||||||||\u00a0\u00bb text_font_size=\u00a0\u00bb20px\u00a0\u00bb header_font=\u00a0\u00bbFaustina||||||||\u00a0\u00bb header_text_color=\u00a0\u00bb#0e7162&Prime; header_font_size=\u00a0\u00bb60px\u00a0\u00bb header_line_height=\u00a0\u00bb1.3em\u00a0\u00bb text_orientation=\u00a0\u00bbcenter\u00a0\u00bb max_width=\u00a0\u00bb800px\u00a0\u00bb module_alignment=\u00a0\u00bbcenter\u00a0\u00bb custom_margin=\u00a0\u00bb||||false|false\u00a0\u00bb custom_padding=\u00a0\u00bb||||false|true\u00a0\u00bb global_colors_info=\u00a0\u00bb{}\u00a0\u00bb]<\/p>\n<p style=\"text-align: left;\"><span style=\"color: #000000;\">Parcourez notre vaste s\u00e9lection de contenus \u00e0 code source ouvert pouvant \u00eatre stock\u00e9s dans UNI.<\/span><\/p>\n<p>[\/et_pb_text][\/et_pb_column][et_pb_column type=\u00a0\u00bb2_5&Prime; _builder_version=\u00a0\u00bb4.17.4&Prime; background_enable_color=\u00a0\u00bboff\u00a0\u00bb custom_padding=\u00a0\u00bb3%|3%|3%|3%|true|true\u00a0\u00bb global_colors_info=\u00a0\u00bb{}\u00a0\u00bb custom_padding__hover=\u00a0\u00bb|||\u00a0\u00bb][\/et_pb_column][\/et_pb_row][\/et_pb_section][et_pb_section fb_built=\u00a0\u00bb1&Prime; disabled_on=\u00a0\u00bbon|on|on\u00a0\u00bb admin_label=\u00a0\u00bbNEW Header\u00a0\u00bb _builder_version=\u00a0\u00bb4.17.3&Prime; background_color=\u00a0\u00bb#12876F\u00a0\u00bb background_enable_image=\u00a0\u00bboff\u00a0\u00bb parallax=\u00a0\u00bbon\u00a0\u00bb module_alignment=\u00a0\u00bbcenter\u00a0\u00bb custom_margin=\u00a0\u00bb||||false|false\u00a0\u00bb custom_margin_tablet=\u00a0\u00bb0px||0px||true|false\u00a0\u00bb custom_margin_phone=\u00a0\u00bb0px||0px||true|false\u00a0\u00bb custom_margin_last_edited=\u00a0\u00bbon|desktop\u00a0\u00bb disabled=\u00a0\u00bbon\u00a0\u00bb collapsed=\u00a0\u00bboff\u00a0\u00bb global_colors_info=\u00a0\u00bb{}\u00a0\u00bb][et_pb_row column_structure=\u00a0\u00bb3_5,2_5&Prime; module_id=\u00a0\u00bb#toggleform\u00a0\u00bb _builder_version=\u00a0\u00bb4.16&Prime; global_colors_info=\u00a0\u00bb{}\u00a0\u00bb][et_pb_column type=\u00a0\u00bb3_5&Prime; _builder_version=\u00a0\u00bb4.16&Prime; custom_padding=\u00a0\u00bb80px||40px|\u00a0\u00bb custom_padding_tablet=\u00a0\u00bb0px||\u00a0\u00bb custom_padding_phone=\u00a0\u00bb\u00a0\u00bb custom_padding_last_edited=\u00a0\u00bbon|tablet\u00a0\u00bb global_colors_info=\u00a0\u00bb{}\u00a0\u00bb padding_tablet=\u00a0\u00bb0px||\u00a0\u00bb padding_last_edited=\u00a0\u00bbon|tablet\u00a0\u00bb custom_padding__hover=\u00a0\u00bb|||\u00a0\u00bb padding_phone=\u00a0\u00bb0px||\u00a0\u00bb][et_pb_text admin_label=\u00a0\u00bbHeader Title\u00a0\u00bb _builder_version=\u00a0\u00bb4.17.3&Prime; text_font=\u00a0\u00bb||||||||\u00a0\u00bb text_font_size=\u00a0\u00bb22px\u00a0\u00bb text_line_height=\u00a0\u00bb2em\u00a0\u00bb header_font=\u00a0\u00bb|700|||||||\u00a0\u00bb header_text_align=\u00a0\u00bbcenter\u00a0\u00bb header_text_color=\u00a0\u00bb#008080&Prime; header_font_size=\u00a0\u00bb60px\u00a0\u00bb text_orientation=\u00a0\u00bbcenter\u00a0\u00bb max_width=\u00a0\u00bb800px\u00a0\u00bb module_alignment=\u00a0\u00bbcenter\u00a0\u00bb custom_margin=\u00a0\u00bb||||false|false\u00a0\u00bb custom_padding=\u00a0\u00bb1px|5px|1px|5px|true|true\u00a0\u00bb header_font_size_tablet=\u00a0\u00bb50px\u00a0\u00bb header_font_size_phone=\u00a0\u00bb40px\u00a0\u00bb header_font_size_last_edited=\u00a0\u00bbon|phone\u00a0\u00bb custom_css_main_element=\u00a0\u00bbdisplay: inline-block;\u00a0\u00bb border_width_all=\u00a0\u00bb10px\u00a0\u00bb border_color_all=\u00a0\u00bb#FFFFFF\u00a0\u00bb global_colors_info=\u00a0\u00bb{}\u00a0\u00bb header_letter_spacing__hover_enabled=\u00a0\u00bbon|desktop\u00a0\u00bb]<\/p>\n<h1 style=\"text-align: left;\"><span style=\"color: #ffffff;\">Contenu disponible<\/span><\/h1>\n<p>[\/et_pb_text][et_pb_text admin_label=\u00a0\u00bbSubtitle\u00a0\u00bb _builder_version=\u00a0\u00bb4.17.3&Prime; text_font=\u00a0\u00bb|600|||||||\u00a0\u00bb text_font_size=\u00a0\u00bb16px\u00a0\u00bb header_font=\u00a0\u00bbFaustina||||||||\u00a0\u00bb header_text_color=\u00a0\u00bb#0e7162&Prime; header_font_size=\u00a0\u00bb60px\u00a0\u00bb header_line_height=\u00a0\u00bb1.3em\u00a0\u00bb text_orientation=\u00a0\u00bbcenter\u00a0\u00bb max_width=\u00a0\u00bb800px\u00a0\u00bb module_alignment=\u00a0\u00bbcenter\u00a0\u00bb custom_margin=\u00a0\u00bb-31px|||||\u00a0\u00bb custom_padding=\u00a0\u00bb14px|||||\u00a0\u00bb global_colors_info=\u00a0\u00bb{}\u00a0\u00bb]<\/p>\n<p style=\"text-align: left;\"><span style=\"color: #ffffff;\">Parcourez notre vaste s\u00e9lection de contenus \u00e0 code source ouvert pouvant \u00eatre stock\u00e9s dans <strong>UNI<\/strong>.<\/span><\/p>\n<p>[\/et_pb_text][\/et_pb_column][et_pb_column type=\u00a0\u00bb2_5&Prime; _builder_version=\u00a0\u00bb4.16&Prime; custom_padding=\u00a0\u00bb80px||40px|\u00a0\u00bb custom_padding_tablet=\u00a0\u00bb0px||\u00a0\u00bb custom_padding_phone=\u00a0\u00bb\u00a0\u00bb custom_padding_last_edited=\u00a0\u00bbon|tablet\u00a0\u00bb global_colors_info=\u00a0\u00bb{}\u00a0\u00bb padding_tablet=\u00a0\u00bb0px||\u00a0\u00bb padding_last_edited=\u00a0\u00bbon|tablet\u00a0\u00bb custom_padding__hover=\u00a0\u00bb|||\u00a0\u00bb padding_phone=\u00a0\u00bb0px||\u00a0\u00bb][\/et_pb_column][\/et_pb_row][\/et_pb_section][et_pb_section fb_built=\u00a0\u00bb1&Prime; _builder_version=\u00a0\u00bb4.16&Prime; _module_preset=\u00a0\u00bbdefault\u00a0\u00bb global_colors_info=\u00a0\u00bb{}\u00a0\u00bb][et_pb_row _builder_version=\u00a0\u00bb4.16&Prime; _module_preset=\u00a0\u00bbdefault\u00a0\u00bb global_colors_info=\u00a0\u00bb{}\u00a0\u00bb][et_pb_column type=\u00a0\u00bb4_4&Prime; _builder_version=\u00a0\u00bb4.16&Prime; _module_preset=\u00a0\u00bbdefault\u00a0\u00bb global_colors_info=\u00a0\u00bb{}\u00a0\u00bb][et_pb_text _builder_version=\u00a0\u00bb4.18.0&Prime; _module_preset=\u00a0\u00bbdefault\u00a0\u00bb header_font=\u00a0\u00bb||||||||\u00a0\u00bb inline_fonts=\u00a0\u00bbFaustina\u00a0\u00bb global_colors_info=\u00a0\u00bb{}\u00a0\u00bb]<\/p>\n<h1 style=\"text-align: center;\"><span style=\"font-family: Faustina; font-weight: normal; color: #008080;\"><strong>D\u00e9couvrez la biblioth\u00e8que de contenu \u00e9ducatif de Grey-box UNI<\/strong><\/span><\/h1>\n<p>[\/et_pb_text][\/et_pb_column][\/et_pb_row][et_pb_row _builder_version=\u00a0\u00bb4.16&Prime; _module_preset=\u00a0\u00bbdefault\u00a0\u00bb global_colors_info=\u00a0\u00bb{}\u00a0\u00bb][et_pb_column type=\u00a0\u00bb4_4&Prime; _builder_version=\u00a0\u00bb4.16&Prime; _module_preset=\u00a0\u00bbdefault\u00a0\u00bb global_colors_info=\u00a0\u00bb{}\u00a0\u00bb][et_pb_text _builder_version=\u00a0\u00bb4.18.1&Prime; text_font=\u00a0\u00bb|600|||||||\u00a0\u00bb text_font_size=\u00a0\u00bb16px\u00a0\u00bb header_font=\u00a0\u00bbFaustina||||||||\u00a0\u00bb header_text_color=\u00a0\u00bb#0e7162&Prime; header_font_size=\u00a0\u00bb60px\u00a0\u00bb header_line_height=\u00a0\u00bb1.3em\u00a0\u00bb background_color=\u00a0\u00bb#4f4f4f\u00a0\u00bb text_orientation=\u00a0\u00bbcenter\u00a0\u00bb module_alignment=\u00a0\u00bbcenter\u00a0\u00bb custom_margin=\u00a0\u00bb||||false|false\u00a0\u00bb custom_padding=\u00a0\u00bb20px|50px|20px|50px|true|true\u00a0\u00bb hover_enabled=\u00a0\u00bb0&Prime; global_colors_info=\u00a0\u00bb{}\u00a0\u00bb sticky_enabled=\u00a0\u00bb0&Prime;]<\/p>\n<p style=\"text-align: left;\"><span style=\"color: #ffffff;\">Les ressources p\u00e9dagogiques sont enti\u00e8rement personnalisables et s\u00e9lectionn\u00e9es par vos soins, afin de r\u00e9pondre au mieux \u00e0 vos besoins. Les \u00e9ducateurs et les \u00e9tudiants des zones recul\u00e9es peuvent facilement se connecter \u00e0 <strong><span style=\"color: #12876f;\"><a href=\"https:\/\/www.grey-box.ca\/fr\/uni\/\" style=\"color: #12876f; text-decoration: underline;\">UNI<\/a><\/span><\/strong> et acc\u00e9der \u00e0 des contenus num\u00e9riques sans jamais avoir besoin d&rsquo;une connexion Internet.<\/span><\/p>\n<p>[\/et_pb_text][\/et_pb_column][\/et_pb_row][\/et_pb_section][et_pb_section fb_built=\u00a0\u00bb1&Prime; _builder_version=\u00a0\u00bb4.16&Prime; _module_preset=\u00a0\u00bbdefault\u00a0\u00bb global_colors_info=\u00a0\u00bb{}\u00a0\u00bb][et_pb_row _builder_version=\u00a0\u00bb4.16&Prime; _module_preset=\u00a0\u00bbdefault\u00a0\u00bb global_colors_info=\u00a0\u00bb{}\u00a0\u00bb][et_pb_column type=\u00a0\u00bb4_4&Prime; _builder_version=\u00a0\u00bb4.16&Prime; _module_preset=\u00a0\u00bbdefault\u00a0\u00bb global_colors_info=\u00a0\u00bb{}\u00a0\u00bb][DIVI_wpDataTable id=\u00a0\u00bb9&Prime; module_class=\u00a0\u00bbavailable-content\u00a0\u00bb _builder_version=\u00a0\u00bb4.18.0&Prime; _module_preset=\u00a0\u00bbdefault\u00a0\u00bb global_colors_info=\u00a0\u00bb{}\u00a0\u00bb][\/DIVI_wpDataTable][\/et_pb_column][\/et_pb_row][\/et_pb_section][et_pb_section fb_built=\u00a0\u00bb1&Prime; _builder_version=\u00a0\u00bb4.16&Prime; _module_preset=\u00a0\u00bbdefault\u00a0\u00bb background_color=\u00a0\u00bb#FFFFFF\u00a0\u00bb scroll_scaling=\u00a0\u00bb10|40|60|90|70|100|100&Prime; motion_trigger_start=\u00a0\u00bbtop\u00a0\u00bb global_colors_info=\u00a0\u00bb{}\u00a0\u00bb][et_pb_row _builder_version=\u00a0\u00bb4.16&Prime; _module_preset=\u00a0\u00bbdefault\u00a0\u00bb background_color=\u00a0\u00bb#FFFFFF\u00a0\u00bb scroll_scaling_enable=\u00a0\u00bbon\u00a0\u00bb scroll_scaling=\u00a0\u00bb0|30|70|100|100%|110%|100&Prime; box_shadow_style=\u00a0\u00bbpreset3&Prime; global_colors_info=\u00a0\u00bb{}\u00a0\u00bb][et_pb_column type=\u00a0\u00bb4_4&Prime; _builder_version=\u00a0\u00bb4.16&Prime; _module_preset=\u00a0\u00bbdefault\u00a0\u00bb global_colors_info=\u00a0\u00bb{}\u00a0\u00bb][et_pb_cta title=\u00a0\u00bbProchaine \u00e9tape? Le d\u00e9ploiement.\u00a0\u00bb button_url=\u00a0\u00bbhttp:\/\/www.grey-box.ca\/contact\/\u00a0\u00bb button_text=\u00a0\u00bbParlons-en\u00a0\u00bb _builder_version=\u00a0\u00bb4.16&Prime; _module_preset=\u00a0\u00bbdefault\u00a0\u00bb header_level=\u00a0\u00bbh1&Prime; header_font=\u00a0\u00bbFaustina|600|||||||\u00a0\u00bb header_text_color=\u00a0\u00bb#000000&Prime; header_letter_spacing=\u00a0\u00bb1px\u00a0\u00bb header_line_height=\u00a0\u00bb1.7em\u00a0\u00bb body_text_align=\u00a0\u00bbcenter\u00a0\u00bb body_font_size=\u00a0\u00bb16px\u00a0\u00bb body_line_height=\u00a0\u00bb2.1em\u00a0\u00bb background_color=\u00a0\u00bb#FFFFFF\u00a0\u00bb custom_button=\u00a0\u00bbon\u00a0\u00bb button_bg_color=\u00a0\u00bb#12876F\u00a0\u00bb button_border_width=\u00a0\u00bb0px\u00a0\u00bb button_border_radius=\u00a0\u00bb51px\u00a0\u00bb button_letter_spacing=\u00a0\u00bb1px\u00a0\u00bb button_font=\u00a0\u00bb|600|||||||\u00a0\u00bb button_alignment=\u00a0\u00bbcenter\u00a0\u00bb custom_margin=\u00a0\u00bb|50px||50px|true|true\u00a0\u00bb custom_margin_tablet=\u00a0\u00bb\u00a0\u00bb custom_margin_phone=\u00a0\u00bb|0px||0px|true|true\u00a0\u00bb custom_margin_last_edited=\u00a0\u00bbon|desktop\u00a0\u00bb body_font_size_tablet=\u00a0\u00bb\u00a0\u00bb body_font_size_phone=\u00a0\u00bb\u00a0\u00bb body_font_size_last_edited=\u00a0\u00bbon|phone\u00a0\u00bb global_colors_info=\u00a0\u00bb{}\u00a0\u00bb button_text__hover_enabled=\u00a0\u00bbon|hover\u00a0\u00bb button_text__hover=\u00a0\u00bbLet&rsquo;s talk\u00a0\u00bb]<\/p>\n<p><span style=\"color: #000000;\">Si vous faites partie d&rsquo;une organisation non gouvernementale (ONG) ou d&rsquo;une organisation communautaire locale, prenez contact avec nous et nous pourrons discuter de la mani\u00e8re dont UNI peut faire passer l&rsquo;impact de votre organisation sur le terrain au niveau sup\u00e9rieur.<\/span><\/p>\n<p>[\/et_pb_cta][\/et_pb_column][\/et_pb_row][\/et_pb_section]<\/p>\n","protected":false},"excerpt":{"rendered":"<p>Contenu disponibleParcourez notre vaste s\u00e9lection de contenus \u00e0 code source ouvert pouvant \u00eatre stock\u00e9s dans UNI.Contenu disponibleParcourez notre vaste s\u00e9lection de contenus \u00e0 code source ouvert pouvant \u00eatre stock\u00e9s dans UNI.D\u00e9couvrez la biblioth\u00e8que de contenu \u00e9ducatif de Grey-box UNILes ressources p\u00e9dagogiques sont enti\u00e8rement personnalisables et s\u00e9lectionn\u00e9es par vos soins, afin de r\u00e9pondre au mieux \u00e0 [&hellip;]<\/p>\n","protected":false},"author":64,"featured_media":0,"parent":0,"menu_order":0,"comment_status":"closed","ping_status":"closed","template":"","meta":{"_et_pb_use_builder":"on","_et_pb_old_content":"","_et_gb_content_width":"","content-type":"","footnotes":""},"class_list":["post-5846","page","type-page","status-publish","hentry"],"yoast_head":"<!-- This site is optimized with the Yoast SEO plugin v21.0 - https:\/\/yoast.com\/wordpress\/plugins\/seo\/ -->\n<title>Contenu disponible | grey-box.ca<\/title>\n<meta name=\"description\" content=\"Parcourez le contenu disponible que nous proposons pour UNI. Parcourez plusieurs sujets, bases de donn\u00e9es, cat\u00e9gories et plus encore !\" \/>\n<meta name=\"robots\" content=\"index, follow, max-snippet:-1, max-image-preview:large, max-video-preview:-1\" \/>\n<link rel=\"canonical\" href=\"https:\/\/www.grey-box.ca\/fr\/contenu-disponible\/\" \/>\n<meta property=\"og:locale\" content=\"fr_FR\" \/>\n<meta property=\"og:type\" content=\"article\" \/>\n<meta property=\"og:title\" content=\"Contenu disponible | grey-box.ca\" \/>\n<meta property=\"og:description\" content=\"Parcourez le contenu disponible que nous proposons pour UNI. Parcourez plusieurs sujets, bases de donn\u00e9es, cat\u00e9gories et plus encore !\" \/>\n<meta property=\"og:url\" content=\"https:\/\/www.grey-box.ca\/fr\/contenu-disponible\/\" \/>\n<meta property=\"og:site_name\" content=\"grey-box.ca\" \/>\n<meta property=\"article:publisher\" content=\"https:\/\/www.facebook.com\/greyboxORG\/\" \/>\n<meta property=\"article:modified_time\" content=\"2022-11-30T17:19:19+00:00\" \/>\n<meta name=\"twitter:card\" content=\"summary_large_image\" \/>\n<meta name=\"twitter:site\" content=\"@greyboxproject\" \/>\n<meta name=\"twitter:label1\" content=\"Dur\u00e9e de lecture estim\u00e9e\" \/>\n\t<meta name=\"twitter:data1\" content=\"6 minutes\" \/>\n<script type=\"application\/ld+json\" class=\"yoast-schema-graph\">{\"@context\":\"https:\/\/schema.org\",\"@graph\":[{\"@type\":\"WebPage\",\"@id\":\"https:\/\/www.grey-box.ca\/fr\/contenu-disponible\/\",\"url\":\"https:\/\/www.grey-box.ca\/fr\/contenu-disponible\/\",\"name\":\"Contenu disponible | grey-box.ca\",\"isPartOf\":{\"@id\":\"https:\/\/www.grey-box.ca\/fr\/#website\"},\"datePublished\":\"2021-08-17T16:25:47+00:00\",\"dateModified\":\"2022-11-30T17:19:19+00:00\",\"description\":\"Parcourez le contenu disponible que nous proposons pour UNI. Parcourez plusieurs sujets, bases de donn\u00e9es, cat\u00e9gories et plus encore !\",\"breadcrumb\":{\"@id\":\"https:\/\/www.grey-box.ca\/fr\/contenu-disponible\/#breadcrumb\"},\"inLanguage\":\"fr-FR\",\"potentialAction\":[{\"@type\":\"ReadAction\",\"target\":[\"https:\/\/www.grey-box.ca\/fr\/contenu-disponible\/\"]}]},{\"@type\":\"BreadcrumbList\",\"@id\":\"https:\/\/www.grey-box.ca\/fr\/contenu-disponible\/#breadcrumb\",\"itemListElement\":[{\"@type\":\"ListItem\",\"position\":1,\"name\":\"Home\",\"item\":\"https:\/\/www.grey-box.ca\/fr\/\"},{\"@type\":\"ListItem\",\"position\":2,\"name\":\"Contenu disponible\"}]},{\"@type\":\"WebSite\",\"@id\":\"https:\/\/www.grey-box.ca\/fr\/#website\",\"url\":\"https:\/\/www.grey-box.ca\/fr\/\",\"name\":\"grey-box.ca\",\"description\":\"The right set of tools for the right cause\",\"publisher\":{\"@id\":\"https:\/\/www.grey-box.ca\/fr\/#organization\"},\"potentialAction\":[{\"@type\":\"SearchAction\",\"target\":{\"@type\":\"EntryPoint\",\"urlTemplate\":\"https:\/\/www.grey-box.ca\/fr\/?s={search_term_string}\"},\"query-input\":\"required name=search_term_string\"}],\"inLanguage\":\"fr-FR\"},{\"@type\":\"Organization\",\"@id\":\"https:\/\/www.grey-box.ca\/fr\/#organization\",\"name\":\"Grey-Box\",\"url\":\"https:\/\/www.grey-box.ca\/fr\/\",\"logo\":{\"@type\":\"ImageObject\",\"inLanguage\":\"fr-FR\",\"@id\":\"https:\/\/www.grey-box.ca\/fr\/#\/schema\/logo\/image\/\",\"url\":\"https:\/\/www.grey-box.ca\/wp-content\/uploads\/2018\/05\/logoGREY-BOX.jpg\",\"contentUrl\":\"https:\/\/www.grey-box.ca\/wp-content\/uploads\/2018\/05\/logoGREY-BOX.jpg\",\"width\":512,\"height\":512,\"caption\":\"Grey-Box\"},\"image\":{\"@id\":\"https:\/\/www.grey-box.ca\/fr\/#\/schema\/logo\/image\/\"},\"sameAs\":[\"https:\/\/www.facebook.com\/greyboxORG\/\",\"https:\/\/twitter.com\/greyboxproject\",\"https:\/\/www.linkedin.com\/company\/greyboxproject\",\"https:\/\/www.instagram.com\/greyboxproject\/\"]}]}<\/script>\n<!-- \/ Yoast SEO plugin. -->","yoast_head_json":{"title":"Contenu disponible | grey-box.ca","description":"Parcourez le contenu disponible que nous proposons pour UNI. Parcourez plusieurs sujets, bases de donn\u00e9es, cat\u00e9gories et plus encore !","robots":{"index":"index","follow":"follow","max-snippet":"max-snippet:-1","max-image-preview":"max-image-preview:large","max-video-preview":"max-video-preview:-1"},"canonical":"https:\/\/www.grey-box.ca\/fr\/contenu-disponible\/","og_locale":"fr_FR","og_type":"article","og_title":"Contenu disponible | grey-box.ca","og_description":"Parcourez le contenu disponible que nous proposons pour UNI. Parcourez plusieurs sujets, bases de donn\u00e9es, cat\u00e9gories et plus encore !","og_url":"https:\/\/www.grey-box.ca\/fr\/contenu-disponible\/","og_site_name":"grey-box.ca","article_publisher":"https:\/\/www.facebook.com\/greyboxORG\/","article_modified_time":"2022-11-30T17:19:19+00:00","twitter_card":"summary_large_image","twitter_site":"@greyboxproject","twitter_misc":{"Dur\u00e9e de lecture estim\u00e9e":"6 minutes"},"schema":{"@context":"https:\/\/schema.org","@graph":[{"@type":"WebPage","@id":"https:\/\/www.grey-box.ca\/fr\/contenu-disponible\/","url":"https:\/\/www.grey-box.ca\/fr\/contenu-disponible\/","name":"Contenu disponible | grey-box.ca","isPartOf":{"@id":"https:\/\/www.grey-box.ca\/fr\/#website"},"datePublished":"2021-08-17T16:25:47+00:00","dateModified":"2022-11-30T17:19:19+00:00","description":"Parcourez le contenu disponible que nous proposons pour UNI. Parcourez plusieurs sujets, bases de donn\u00e9es, cat\u00e9gories et plus encore !","breadcrumb":{"@id":"https:\/\/www.grey-box.ca\/fr\/contenu-disponible\/#breadcrumb"},"inLanguage":"fr-FR","potentialAction":[{"@type":"ReadAction","target":["https:\/\/www.grey-box.ca\/fr\/contenu-disponible\/"]}]},{"@type":"BreadcrumbList","@id":"https:\/\/www.grey-box.ca\/fr\/contenu-disponible\/#breadcrumb","itemListElement":[{"@type":"ListItem","position":1,"name":"Home","item":"https:\/\/www.grey-box.ca\/fr\/"},{"@type":"ListItem","position":2,"name":"Contenu disponible"}]},{"@type":"WebSite","@id":"https:\/\/www.grey-box.ca\/fr\/#website","url":"https:\/\/www.grey-box.ca\/fr\/","name":"grey-box.ca","description":"The right set of tools for the right cause","publisher":{"@id":"https:\/\/www.grey-box.ca\/fr\/#organization"},"potentialAction":[{"@type":"SearchAction","target":{"@type":"EntryPoint","urlTemplate":"https:\/\/www.grey-box.ca\/fr\/?s={search_term_string}"},"query-input":"required name=search_term_string"}],"inLanguage":"fr-FR"},{"@type":"Organization","@id":"https:\/\/www.grey-box.ca\/fr\/#organization","name":"Grey-Box","url":"https:\/\/www.grey-box.ca\/fr\/","logo":{"@type":"ImageObject","inLanguage":"fr-FR","@id":"https:\/\/www.grey-box.ca\/fr\/#\/schema\/logo\/image\/","url":"https:\/\/www.grey-box.ca\/wp-content\/uploads\/2018\/05\/logoGREY-BOX.jpg","contentUrl":"https:\/\/www.grey-box.ca\/wp-content\/uploads\/2018\/05\/logoGREY-BOX.jpg","width":512,"height":512,"caption":"Grey-Box"},"image":{"@id":"https:\/\/www.grey-box.ca\/fr\/#\/schema\/logo\/image\/"},"sameAs":["https:\/\/www.facebook.com\/greyboxORG\/","https:\/\/twitter.com\/greyboxproject","https:\/\/www.linkedin.com\/company\/greyboxproject","https:\/\/www.instagram.com\/greyboxproject\/"]}]}},"_links":{"self":[{"href":"https:\/\/www.grey-box.ca\/fr\/wp-json\/wp\/v2\/pages\/5846"}],"collection":[{"href":"https:\/\/www.grey-box.ca\/fr\/wp-json\/wp\/v2\/pages"}],"about":[{"href":"https:\/\/www.grey-box.ca\/fr\/wp-json\/wp\/v2\/types\/page"}],"author":[{"embeddable":true,"href":"https:\/\/www.grey-box.ca\/fr\/wp-json\/wp\/v2\/users\/64"}],"replies":[{"embeddable":true,"href":"https:\/\/www.grey-box.ca\/fr\/wp-json\/wp\/v2\/comments?post=5846"}],"version-history":[{"count":65,"href":"https:\/\/www.grey-box.ca\/fr\/wp-json\/wp\/v2\/pages\/5846\/revisions"}],"predecessor-version":[{"id":14017,"href":"https:\/\/www.grey-box.ca\/fr\/wp-json\/wp\/v2\/pages\/5846\/revisions\/14017"}],"wp:attachment":[{"href":"https:\/\/www.grey-box.ca\/fr\/wp-json\/wp\/v2\/media?parent=5846"}],"curies":[{"name":"wp","href":"https:\/\/api.w.org\/{rel}","templated":true}]}}