{"id":7944,"date":"2021-12-09T09:57:49","date_gmt":"2021-12-09T14:57:49","guid":{"rendered":"https:\/\/www.grey-box.ca\/politica-de-privacidad\/"},"modified":"2021-12-09T11:41:30","modified_gmt":"2021-12-09T16:41:30","slug":"politica-de-privacidad","status":"publish","type":"page","link":"https:\/\/www.grey-box.ca\/es\/politica-de-privacidad\/","title":{"rendered":"Pol\u00edtica de privacidad"},"content":{"rendered":"<p>[et_pb_section admin_label=\u00bbsection\u00bb]<br \/>\n\t\t\t[et_pb_row admin_label=\u00bbrow\u00bb]<br \/>\n\t\t\t\t[et_pb_column type=\u00bb4_4&#8243;][et_pb_text admin_label=\u00bbText\u00bb]<strong>ANTES DE UTILIZAR NUESTROS SITIOS, LEA ATENTAMENTE ESTA POL\u00cdTICA DE PRIVACIDAD.<\/strong><\/p>\n<p>Esta pol\u00edtica de privacidad es aplicable a Grey-box.ca y establece nuestra pol\u00edtica sobre la recopilaci\u00f3n y el uso de informaci\u00f3n en este sitio y en nuestros otros sitios (colectivamente \u00abSitios\u00bb). Grey-box se compromete a proporcionar sitios web seguros para visitantes de todas las edades y ha implementado esta Pol\u00edtica de Privacidad para demostrar nuestro firme compromiso con su privacidad. Grey-box cumple con las leyes y regulaciones de privacidad federales y provinciales de Canad\u00e1, incluyendo la Ley de Informaci\u00f3n Personal y Documentos Electr\u00f3nicos.<\/p>\n<p>Puede haber enlaces desde nuestros Sitios a otros sitios web; tenga en cuenta que esta Pol\u00edtica de Privacidad se aplica s\u00f3lo a nuestros Sitios y no a los sitios web de otras empresas u organizaciones a los que nuestros Sitios puedan estar vinculados. Debe comprobar en los sitios enlazados la pol\u00edtica de privacidad que se aplica a ese sitio y\/o hacer las consultas necesarias respecto a esa pol\u00edtica de privacidad con el operador del sitio enlazado. Estos enlaces a sitios web de terceros se facilitan por comodidad y s\u00f3lo tienen fines informativos. Grey-box no respalda ni es responsable de estos sitios web enlazados.<\/p>\n<p>Aunque no es necesario que se registre para acceder a nuestros Sitios, es posible que se le pida que nos proporcione informaci\u00f3n personal cuando visite ciertas secciones de nuestros Sitios. El uso que usted hace de nuestros Sitios significa que reconoce y consiente nuestra Pol\u00edtica de Privacidad. Si no est\u00e1 de acuerdo con esta Pol\u00edtica de Privacidad, por favor no contin\u00fae utilizando nuestros Sitios. El uso continuado de los Sitios implica la aceptaci\u00f3n de estos t\u00e9rminos y de cualquier cambio en vigor en el momento de su uso.<\/p>\n<p><strong>RECOGIDA DE INFORMACI\u00d3N PERSONAL<\/strong><\/p>\n<p>La informaci\u00f3n personal es informaci\u00f3n sobre usted que le identifica como individuo, por ejemplo, su nombre, direcci\u00f3n, direcci\u00f3n de correo electr\u00f3nico o n\u00famero de tel\u00e9fono.<\/p>\n<p>Recogemos la informaci\u00f3n que usted nos proporciona voluntariamente a trav\u00e9s de las respuestas a las encuestas, las funciones de b\u00fasqueda, los cuestionarios, los comentarios, los formularios \u00abCuente su historia\u00bb y similares. En algunos de nuestros sitios, ofrecemos herramientas de evaluaci\u00f3n de la salud que le piden que proporcione informaci\u00f3n de autoevaluaci\u00f3n. Tambi\u00e9n podemos pedirle que proporcione informaci\u00f3n adicional, como su direcci\u00f3n de correo electr\u00f3nico, si desea obtener servicios o informaci\u00f3n adicionales, participar en un concurso o resolver quejas o dudas.<\/p>\n<p><strong>\u00bfC\u00d3MO UTILIZA LA EMPRESA LA INFORMACI\u00d3N RECOPILADA SOBRE LOS VISITANTES EN L\u00cdNEA?<\/strong><\/p>\n<p>Antes de enviarnos cualquier informaci\u00f3n personal, tenga en cuenta que cualquier informaci\u00f3n recopilada en nuestros Sitios puede ser utilizada en conjunto para la investigaci\u00f3n y el desarrollo relacionados con nuestros Sitios y\/o para el desarrollo futuro del sitio y, si nos lo pide, para enviarle materiales promocionales. En particular, podemos utilizar la informaci\u00f3n recopilada sobre usted para los siguientes fines: controlar el inter\u00e9s en nuestra gama de productos y ayudarnos a adaptar el contenido de nuestros Sitios a sus necesidades mediante la recopilaci\u00f3n de informaci\u00f3n sobre sus preferencias a trav\u00e9s del seguimiento de los patrones de visualizaci\u00f3n de las p\u00e1ginas en nuestros Sitios; para crear un perfil relacionado con usted con el fin de mostrarle el contenido que podr\u00eda ser de su inter\u00e9s y mostrar el contenido de acuerdo con sus preferencias; y, en circunstancias en las que ha indicado que desea recibir informaci\u00f3n adicional, para enviarle informaci\u00f3n sobre nosotros y material promocional sobre nuestros productos junto con detalles de cualquier oferta que podamos tener disponible de vez en cuando.<\/p>\n<p><strong>OFERTAS PROMOCIONALES E INFORMATIVAS<\/strong><\/p>\n<p>Con el permiso de un visitante en l\u00ednea, la informaci\u00f3n enviada en el momento del registro o del env\u00edo puede ser utilizada con fines de marketing y promoci\u00f3n por Grey-box, siempre que se avise de este hecho en l\u00ednea. Si un visitante se opone a dicho uso por cualquier motivo, puede impedirlo, ya sea solicit\u00e1ndolo por correo electr\u00f3nico o modificando la informaci\u00f3n de registro proporcionada. Grey-box realiza esfuerzos razonables para mantener la informaci\u00f3n de los visitantes en un entorno seguro. Si ha enviado informaci\u00f3n personal y quiere cambiarla o excluirse, p\u00f3ngase en contacto con nosotros como se describe a continuaci\u00f3n.<\/p>\n<p><strong>DIVULGACI\u00d3N DE INFORMACI\u00d3N<\/strong><\/p>\n<p>Grey-box no revelar\u00e1 la informaci\u00f3n personal que usted proporcione en sus Sitios a ning\u00fan tercero que no sea un agente de la Compa\u00f1\u00eda, excepto: i) de acuerdo con los t\u00e9rminos de esta Pol\u00edtica de Privacidad, o ii) para cumplir con requisitos legales, como una ley, un reglamento, una orden judicial o una citaci\u00f3n, y\/o iii) si usted est\u00e1 informando de un evento adverso\/efecto secundario, en cuyo caso Grey-box puede estar obligado a revelar dicha informaci\u00f3n a organismos tales como, pero no limitado a, las autoridades reguladoras canadienses y\/o internacionales. Tenga en cuenta que cualquiera de estas divulgaciones puede implicar el almacenamiento o el procesamiento de informaci\u00f3n personal fuera de Canad\u00e1 y, por lo tanto, puede estar sujeto a leyes de privacidad diferentes a las aplicables en Canad\u00e1, incluidas las leyes que requieren la divulgaci\u00f3n de informaci\u00f3n personal a las autoridades gubernamentales en circunstancias diferentes a las que se aplican en Canad\u00e1.<\/p>\n<p><strong>COOKIES<\/strong><\/p>\n<p>Grey-box, al igual que muchos operadores de sitios web, puede utilizar en sus sitios una tecnolog\u00eda est\u00e1ndar denominada \u00abcookies\u00bb. Las cookies son peque\u00f1os archivos de datos que se descargan en su ordenador cuando visita un determinado sitio web. Puede deshabilitar las cookies desactiv\u00e1ndolas en su navegador; sin embargo, es posible que algunas \u00e1reas de los Sitios no funcionen correctamente si lo hace.<\/p>\n<p><strong>PROTECCI\u00d3N DE LOS NI\u00d1OS EN L\u00cdNEA<\/strong><\/p>\n<p>Grey-box considera que la protecci\u00f3n de la privacidad de los ni\u00f1os, especialmente en l\u00ednea, es de suma importancia. No recopilamos ni solicitamos conscientemente informaci\u00f3n personal de ni\u00f1os, ni les permitimos que se registren como usuarios o que soliciten informaci\u00f3n a trav\u00e9s de nuestros Sitios o l\u00edneas de informaci\u00f3n de b\u00fasqueda de ayuda.<\/p>\n<p><strong>CONDICIONES ADICIONALES PARA DETERMINADOS SITIOS WEB<\/strong><\/p>\n<p>La siguiente informaci\u00f3n adicional se aplica a nuestros Sitios que requieren registro. Por lo general, no se le pide que proporcione informaci\u00f3n personal como condici\u00f3n para utilizar nuestros Sitios, excepto cuando sea necesario para proporcionarle un producto o servicio que haya solicitado. Sin embargo, algunos de nuestros Sitios est\u00e1n restringidos a ciertas personas, como los profesionales de la salud o nuestros pacientes de medicamentos recetados, y podemos requerir a estas personas que se registren al entrar proporcion\u00e1ndonos cierta informaci\u00f3n.<\/p>\n<p><strong>PROTECCI\u00d3N DE LA INFORMACI\u00d3N:<\/strong><\/p>\n<p>Nuestro compromiso con la seguridad<\/p>\n<p>Hemos puesto en marcha procedimientos f\u00edsicos, electr\u00f3nicos y de gesti\u00f3n para salvaguardar y ayudar a prevenir el acceso no autorizado, mantener la seguridad de los datos y utilizar correctamente la informaci\u00f3n que recopilamos en l\u00ednea. Grey-box aplica salvaguardias de seguridad adecuadas a la sensibilidad de la informaci\u00f3n, como conservar la informaci\u00f3n en instalaciones seguras y hacer que la informaci\u00f3n personal s\u00f3lo sea accesible a los empleados autorizados en funci\u00f3n de la necesidad de conocerla.<\/p>\n<p>Almacenamiento de la informaci\u00f3n:<\/p>\n<p>La informaci\u00f3n personal que usted comparte con nosotros se almacena en los servidores de nuestra base de datos en los centros de datos de la empresa (en cualquier pa\u00eds en el que se encuentren), o se aloja en terceros que han firmado acuerdos con nosotros que les obligan a respetar nuestra pol\u00edtica de privacidad.<\/p>\n<p><strong>CAMBIO DE POL\u00cdTICA:<\/strong><\/p>\n<p>Si modificamos nuestra pol\u00edtica de privacidad, los cambios se publicar\u00e1n en esta p\u00e1gina de nuestro sitio para que siempre est\u00e9 informado de la informaci\u00f3n que recopilamos sobre usted, c\u00f3mo la utilizamos y las circunstancias en las que podemos revelarla.<\/p>\n<p><strong>ACEPTACI\u00d3N DE NUESTRA POL\u00cdTICA DE PRIVACIDAD:<\/strong><\/p>\n<p>Al utilizar este sitio o cualquier otro sitio de Grey-box, usted acepta nuestra pol\u00edtica de privacidad y se adhiere a los <a href=\"https:\/\/www.grey-box.ca\/terms-conditions\/\">t\u00e9rminos y condiciones<\/a> publicados en el sitio. Al enviar su informaci\u00f3n, usted acepta que \u00e9sta se rija por nuestra Pol\u00edtica de Privacidad.<br \/>\n<br \/>&nbsp;[\/et_pb_text][\/et_pb_column]<br \/>\n\t\t\t[\/et_pb_row]<br \/>\n\t\t[\/et_pb_section]<\/p>\n","protected":false},"excerpt":{"rendered":"<p>ANTES DE UTILIZAR NUESTROS SITIOS, LEA ATENTAMENTE ESTA POL\u00cdTICA DE PRIVACIDAD. Esta pol\u00edtica de privacidad es aplicable a Grey-box.ca y establece nuestra pol\u00edtica sobre la recopilaci\u00f3n y el uso de informaci\u00f3n en este sitio y en nuestros otros sitios (colectivamente \u00abSitios\u00bb). Grey-box se compromete a proporcionar sitios web seguros para visitantes de todas las edades [&hellip;]<\/p>\n","protected":false},"author":1,"featured_media":0,"parent":0,"menu_order":0,"comment_status":"closed","ping_status":"open","template":"","meta":{"_et_pb_use_builder":"on","_et_pb_old_content":"","_et_gb_content_width":"","content-type":"","footnotes":""},"class_list":["post-7944","page","type-page","status-publish","hentry"],"yoast_head":"<!-- This site is optimized with the Yoast SEO plugin v21.0 - https:\/\/yoast.com\/wordpress\/plugins\/seo\/ -->\n<title>Pol\u00edtica de privacidad | Grey-box - Acceso inal\u00e1mbrico a recursos digitales<\/title>\n<meta name=\"description\" content=\"Vea qu\u00e9 datos personales recogemos y por qu\u00e9 los recogemos, el contenido incrustado de otros sitios web y cu\u00e1nto tiempo conservamos sus datos.\" \/>\n<meta name=\"robots\" content=\"index, follow, max-snippet:-1, max-image-preview:large, max-video-preview:-1\" \/>\n<link rel=\"canonical\" href=\"https:\/\/www.grey-box.ca\/es\/politica-de-privacidad\/\" \/>\n<meta property=\"og:locale\" content=\"es_ES\" \/>\n<meta property=\"og:type\" content=\"article\" \/>\n<meta property=\"og:title\" content=\"Pol\u00edtica de privacidad | Grey-box - Acceso inal\u00e1mbrico a recursos digitales\" \/>\n<meta property=\"og:description\" content=\"Vea qu\u00e9 datos personales recogemos y por qu\u00e9 los recogemos, el contenido incrustado de otros sitios web y cu\u00e1nto tiempo conservamos sus datos.\" \/>\n<meta property=\"og:url\" content=\"https:\/\/www.grey-box.ca\/es\/politica-de-privacidad\/\" \/>\n<meta property=\"og:site_name\" content=\"grey-box.ca\" \/>\n<meta property=\"article:publisher\" content=\"https:\/\/www.facebook.com\/greyboxORG\/\" \/>\n<meta property=\"article:modified_time\" content=\"2021-12-09T16:41:30+00:00\" \/>\n<meta name=\"twitter:card\" content=\"summary_large_image\" \/>\n<meta name=\"twitter:site\" content=\"@greyboxproject\" \/>\n<meta name=\"twitter:label1\" content=\"Tiempo de lectura\" \/>\n\t<meta name=\"twitter:data1\" content=\"7 minutos\" \/>\n<script type=\"application\/ld+json\" class=\"yoast-schema-graph\">{\"@context\":\"https:\/\/schema.org\",\"@graph\":[{\"@type\":\"WebPage\",\"@id\":\"https:\/\/www.grey-box.ca\/es\/politica-de-privacidad\/\",\"url\":\"https:\/\/www.grey-box.ca\/es\/politica-de-privacidad\/\",\"name\":\"Pol\u00edtica de privacidad | Grey-box - Acceso inal\u00e1mbrico a recursos digitales\",\"isPartOf\":{\"@id\":\"https:\/\/www.grey-box.ca\/es\/#website\"},\"datePublished\":\"2021-12-09T14:57:49+00:00\",\"dateModified\":\"2021-12-09T16:41:30+00:00\",\"description\":\"Vea qu\u00e9 datos personales recogemos y por qu\u00e9 los recogemos, el contenido incrustado de otros sitios web y cu\u00e1nto tiempo conservamos sus datos.\",\"breadcrumb\":{\"@id\":\"https:\/\/www.grey-box.ca\/es\/politica-de-privacidad\/#breadcrumb\"},\"inLanguage\":\"es\",\"potentialAction\":[{\"@type\":\"ReadAction\",\"target\":[\"https:\/\/www.grey-box.ca\/es\/politica-de-privacidad\/\"]}]},{\"@type\":\"BreadcrumbList\",\"@id\":\"https:\/\/www.grey-box.ca\/es\/politica-de-privacidad\/#breadcrumb\",\"itemListElement\":[{\"@type\":\"ListItem\",\"position\":1,\"name\":\"Home\",\"item\":\"https:\/\/www.grey-box.ca\/es\/\"},{\"@type\":\"ListItem\",\"position\":2,\"name\":\"Pol\u00edtica de privacidad\"}]},{\"@type\":\"WebSite\",\"@id\":\"https:\/\/www.grey-box.ca\/es\/#website\",\"url\":\"https:\/\/www.grey-box.ca\/es\/\",\"name\":\"grey-box.ca\",\"description\":\"The right set of tools for the right cause\",\"publisher\":{\"@id\":\"https:\/\/www.grey-box.ca\/es\/#organization\"},\"potentialAction\":[{\"@type\":\"SearchAction\",\"target\":{\"@type\":\"EntryPoint\",\"urlTemplate\":\"https:\/\/www.grey-box.ca\/es\/?s={search_term_string}\"},\"query-input\":\"required name=search_term_string\"}],\"inLanguage\":\"es\"},{\"@type\":\"Organization\",\"@id\":\"https:\/\/www.grey-box.ca\/es\/#organization\",\"name\":\"Grey-Box\",\"url\":\"https:\/\/www.grey-box.ca\/es\/\",\"logo\":{\"@type\":\"ImageObject\",\"inLanguage\":\"es\",\"@id\":\"https:\/\/www.grey-box.ca\/es\/#\/schema\/logo\/image\/\",\"url\":\"https:\/\/www.grey-box.ca\/wp-content\/uploads\/2018\/05\/logoGREY-BOX.jpg\",\"contentUrl\":\"https:\/\/www.grey-box.ca\/wp-content\/uploads\/2018\/05\/logoGREY-BOX.jpg\",\"width\":512,\"height\":512,\"caption\":\"Grey-Box\"},\"image\":{\"@id\":\"https:\/\/www.grey-box.ca\/es\/#\/schema\/logo\/image\/\"},\"sameAs\":[\"https:\/\/www.facebook.com\/greyboxORG\/\",\"https:\/\/twitter.com\/greyboxproject\",\"https:\/\/www.linkedin.com\/company\/greyboxproject\",\"https:\/\/www.instagram.com\/greyboxproject\/\"]}]}<\/script>\n<!-- \/ Yoast SEO plugin. -->","yoast_head_json":{"title":"Pol\u00edtica de privacidad | Grey-box - Acceso inal\u00e1mbrico a recursos digitales","description":"Vea qu\u00e9 datos personales recogemos y por qu\u00e9 los recogemos, el contenido incrustado de otros sitios web y cu\u00e1nto tiempo conservamos sus datos.","robots":{"index":"index","follow":"follow","max-snippet":"max-snippet:-1","max-image-preview":"max-image-preview:large","max-video-preview":"max-video-preview:-1"},"canonical":"https:\/\/www.grey-box.ca\/es\/politica-de-privacidad\/","og_locale":"es_ES","og_type":"article","og_title":"Pol\u00edtica de privacidad | Grey-box - Acceso inal\u00e1mbrico a recursos digitales","og_description":"Vea qu\u00e9 datos personales recogemos y por qu\u00e9 los recogemos, el contenido incrustado de otros sitios web y cu\u00e1nto tiempo conservamos sus datos.","og_url":"https:\/\/www.grey-box.ca\/es\/politica-de-privacidad\/","og_site_name":"grey-box.ca","article_publisher":"https:\/\/www.facebook.com\/greyboxORG\/","article_modified_time":"2021-12-09T16:41:30+00:00","twitter_card":"summary_large_image","twitter_site":"@greyboxproject","twitter_misc":{"Tiempo de lectura":"7 minutos"},"schema":{"@context":"https:\/\/schema.org","@graph":[{"@type":"WebPage","@id":"https:\/\/www.grey-box.ca\/es\/politica-de-privacidad\/","url":"https:\/\/www.grey-box.ca\/es\/politica-de-privacidad\/","name":"Pol\u00edtica de privacidad | Grey-box - Acceso inal\u00e1mbrico a recursos digitales","isPartOf":{"@id":"https:\/\/www.grey-box.ca\/es\/#website"},"datePublished":"2021-12-09T14:57:49+00:00","dateModified":"2021-12-09T16:41:30+00:00","description":"Vea qu\u00e9 datos personales recogemos y por qu\u00e9 los recogemos, el contenido incrustado de otros sitios web y cu\u00e1nto tiempo conservamos sus datos.","breadcrumb":{"@id":"https:\/\/www.grey-box.ca\/es\/politica-de-privacidad\/#breadcrumb"},"inLanguage":"es","potentialAction":[{"@type":"ReadAction","target":["https:\/\/www.grey-box.ca\/es\/politica-de-privacidad\/"]}]},{"@type":"BreadcrumbList","@id":"https:\/\/www.grey-box.ca\/es\/politica-de-privacidad\/#breadcrumb","itemListElement":[{"@type":"ListItem","position":1,"name":"Home","item":"https:\/\/www.grey-box.ca\/es\/"},{"@type":"ListItem","position":2,"name":"Pol\u00edtica de privacidad"}]},{"@type":"WebSite","@id":"https:\/\/www.grey-box.ca\/es\/#website","url":"https:\/\/www.grey-box.ca\/es\/","name":"grey-box.ca","description":"The right set of tools for the right cause","publisher":{"@id":"https:\/\/www.grey-box.ca\/es\/#organization"},"potentialAction":[{"@type":"SearchAction","target":{"@type":"EntryPoint","urlTemplate":"https:\/\/www.grey-box.ca\/es\/?s={search_term_string}"},"query-input":"required name=search_term_string"}],"inLanguage":"es"},{"@type":"Organization","@id":"https:\/\/www.grey-box.ca\/es\/#organization","name":"Grey-Box","url":"https:\/\/www.grey-box.ca\/es\/","logo":{"@type":"ImageObject","inLanguage":"es","@id":"https:\/\/www.grey-box.ca\/es\/#\/schema\/logo\/image\/","url":"https:\/\/www.grey-box.ca\/wp-content\/uploads\/2018\/05\/logoGREY-BOX.jpg","contentUrl":"https:\/\/www.grey-box.ca\/wp-content\/uploads\/2018\/05\/logoGREY-BOX.jpg","width":512,"height":512,"caption":"Grey-Box"},"image":{"@id":"https:\/\/www.grey-box.ca\/es\/#\/schema\/logo\/image\/"},"sameAs":["https:\/\/www.facebook.com\/greyboxORG\/","https:\/\/twitter.com\/greyboxproject","https:\/\/www.linkedin.com\/company\/greyboxproject","https:\/\/www.instagram.com\/greyboxproject\/"]}]}},"_links":{"self":[{"href":"https:\/\/www.grey-box.ca\/es\/wp-json\/wp\/v2\/pages\/7944"}],"collection":[{"href":"https:\/\/www.grey-box.ca\/es\/wp-json\/wp\/v2\/pages"}],"about":[{"href":"https:\/\/www.grey-box.ca\/es\/wp-json\/wp\/v2\/types\/page"}],"author":[{"embeddable":true,"href":"https:\/\/www.grey-box.ca\/es\/wp-json\/wp\/v2\/users\/1"}],"replies":[{"embeddable":true,"href":"https:\/\/www.grey-box.ca\/es\/wp-json\/wp\/v2\/comments?post=7944"}],"version-history":[{"count":3,"href":"https:\/\/www.grey-box.ca\/es\/wp-json\/wp\/v2\/pages\/7944\/revisions"}],"predecessor-version":[{"id":7955,"href":"https:\/\/www.grey-box.ca\/es\/wp-json\/wp\/v2\/pages\/7944\/revisions\/7955"}],"wp:attachment":[{"href":"https:\/\/www.grey-box.ca\/es\/wp-json\/wp\/v2\/media?parent=7944"}],"curies":[{"name":"wp","href":"https:\/\/api.w.org\/{rel}","templated":true}]}}