{"id":5854,"date":"2021-08-17T14:13:45","date_gmt":"2021-08-17T18:13:45","guid":{"rendered":"https:\/\/www.grey-box.ca\/contenido-disponible\/"},"modified":"2024-03-11T19:12:12","modified_gmt":"2024-03-11T23:12:12","slug":"contenido-disponible","status":"publish","type":"page","link":"https:\/\/www.grey-box.ca\/es\/contenido-disponible\/","title":{"rendered":"Contenido disponible"},"content":{"rendered":"<p>[et_pb_section fb_built=\u00bb1&#8243; admin_label=\u00bbAvailable Content Header\u00bb module_class=\u00bbbackdrop-filter\u00bb _builder_version=\u00bb4.19.2&#8243; background_color=\u00bbrgba(0,0,0,0.42)\u00bb background_image=\u00bbhttps:\/\/www.grey-box.ca\/wp-content\/uploads\/2021\/07\/annie-spratt-OIuCXxx08yg-unsplash-1.jpg\u00bb background_blend=\u00bbmultiply\u00bb custom_margin=\u00bb||-2px|||\u00bb hover_enabled=\u00bb0&#8243; collapsed=\u00bboff\u00bb global_colors_info=\u00bb{}\u00bb sticky_enabled=\u00bb0&#8243;][et_pb_row column_structure=\u00bb3_5,2_5&#8243; admin_label=\u00bbAvailable Content\u00bb _builder_version=\u00bb4.19.2&#8243; background_enable_color=\u00bboff\u00bb background_size=\u00bbinitial\u00bb background_position=\u00bbtop_left\u00bb background_repeat=\u00bbrepeat\u00bb width=\u00bb90%\u00bb max_width=\u00bb1428px\u00bb module_alignment=\u00bbcenter\u00bb custom_margin=\u00bb||||false|false\u00bb custom_padding=\u00bb2%||2%||true|false\u00bb hover_enabled=\u00bb0&#8243; custom_css_main_element=\u00bb||||\u00bb global_colors_info=\u00bb{}\u00bb sticky_enabled=\u00bb0&#8243;][et_pb_column type=\u00bb3_5&#8243; module_class=\u00bbpa-inline-buttons\u00bb _builder_version=\u00bb4.17.4&#8243; background_color=\u00bbrgba(255,255,255,0.72)\u00bb custom_padding=\u00bb4%|4%|4%|4%|true|true\u00bb global_colors_info=\u00bb{}\u00bb custom_padding__hover=\u00bb|||\u00bb][et_pb_text _builder_version=\u00bb4.18.0&#8243; text_font=\u00bb||||||||\u00bb text_font_size=\u00bb22px\u00bb text_line_height=\u00bb2em\u00bb header_font=\u00bbFaustina|600|||||||\u00bb header_text_align=\u00bbcenter\u00bb header_text_color=\u00bb#008080&#8243; header_font_size=\u00bb60px\u00bb text_orientation=\u00bbcenter\u00bb max_width=\u00bb800px\u00bb module_alignment=\u00bbcenter\u00bb custom_margin=\u00bb||18px|||\u00bb header_font_size_tablet=\u00bb50px\u00bb header_font_size_phone=\u00bb40px\u00bb header_font_size_last_edited=\u00bbon|phone\u00bb global_colors_info=\u00bb{}\u00bb header_letter_spacing__hover_enabled=\u00bbon|desktop\u00bb]<\/p>\n<h1 style=\"text-align: left;\"><span style=\"color: #008080;\">Contenido disponible<\/span><\/h1>\n<p>[\/et_pb_text][et_pb_text _builder_version=\u00bb4.18.0&#8243; text_font=\u00bb||||||||\u00bb text_font_size=\u00bb20px\u00bb header_font=\u00bbFaustina||||||||\u00bb header_text_color=\u00bb#0e7162&#8243; header_font_size=\u00bb60px\u00bb header_line_height=\u00bb1.3em\u00bb text_orientation=\u00bbcenter\u00bb max_width=\u00bb800px\u00bb module_alignment=\u00bbcenter\u00bb custom_margin=\u00bb||||false|false\u00bb custom_padding=\u00bb||||false|true\u00bb global_colors_info=\u00bb{}\u00bb]<\/p>\n<p style=\"text-align: left;\"><span style=\"color: #000000;\">Navegue por nuestra gran selecci\u00f3n de contenidos de c\u00f3digo abierto disponibles para ser almacenados en UNI.<\/span><\/p>\n<p>[\/et_pb_text][\/et_pb_column][et_pb_column type=\u00bb2_5&#8243; _builder_version=\u00bb4.17.4&#8243; background_enable_color=\u00bboff\u00bb custom_padding=\u00bb3%|3%|3%|3%|true|true\u00bb global_colors_info=\u00bb{}\u00bb custom_padding__hover=\u00bb|||\u00bb][\/et_pb_column][\/et_pb_row][\/et_pb_section][et_pb_section fb_built=\u00bb1&#8243; disabled_on=\u00bbon|on|on\u00bb admin_label=\u00bbNEW Header (Unused?)\u00bb _builder_version=\u00bb4.19.2&#8243; background_color=\u00bb#12876F\u00bb background_enable_image=\u00bboff\u00bb parallax=\u00bbon\u00bb module_alignment=\u00bbcenter\u00bb custom_margin=\u00bb||||false|false\u00bb custom_margin_tablet=\u00bb0px||0px||true|false\u00bb custom_margin_phone=\u00bb0px||0px||true|false\u00bb custom_margin_last_edited=\u00bbon|desktop\u00bb hover_enabled=\u00bb0&#8243; disabled=\u00bbon\u00bb collapsed=\u00bbon\u00bb global_colors_info=\u00bb{}\u00bb sticky_enabled=\u00bb0&#8243;][et_pb_row column_structure=\u00bb3_5,2_5&#8243; module_id=\u00bb#toggleform\u00bb _builder_version=\u00bb4.16&#8243; global_colors_info=\u00bb{}\u00bb][et_pb_column type=\u00bb3_5&#8243; _builder_version=\u00bb4.16&#8243; custom_padding=\u00bb80px||40px|\u00bb custom_padding_tablet=\u00bb0px||\u00bb custom_padding_phone=\u00bb\u00bb custom_padding_last_edited=\u00bbon|tablet\u00bb global_colors_info=\u00bb{}\u00bb padding_tablet=\u00bb0px||\u00bb padding_last_edited=\u00bbon|tablet\u00bb custom_padding__hover=\u00bb|||\u00bb padding_phone=\u00bb0px||\u00bb][et_pb_text admin_label=\u00bbHeader Title\u00bb _builder_version=\u00bb4.17.3&#8243; text_font=\u00bb||||||||\u00bb text_font_size=\u00bb22px\u00bb text_line_height=\u00bb2em\u00bb header_font=\u00bb|700|||||||\u00bb header_text_align=\u00bbcenter\u00bb header_text_color=\u00bb#008080&#8243; header_font_size=\u00bb60px\u00bb text_orientation=\u00bbcenter\u00bb max_width=\u00bb800px\u00bb module_alignment=\u00bbcenter\u00bb custom_margin=\u00bb||||false|false\u00bb custom_padding=\u00bb1px|5px|1px|5px|true|true\u00bb header_font_size_tablet=\u00bb50px\u00bb header_font_size_phone=\u00bb40px\u00bb header_font_size_last_edited=\u00bbon|phone\u00bb custom_css_main_element=\u00bbdisplay: inline-block;\u00bb border_width_all=\u00bb10px\u00bb border_color_all=\u00bb#FFFFFF\u00bb global_colors_info=\u00bb{}\u00bb header_letter_spacing__hover_enabled=\u00bbon|desktop\u00bb]<\/p>\n<h1 style=\"text-align: left;\"><span style=\"color: #ffffff;\">Contenido disponible<\/span><\/h1>\n<p>[\/et_pb_text][et_pb_text admin_label=\u00bbSubtitle\u00bb _builder_version=\u00bb4.17.3&#8243; text_font=\u00bb|600|||||||\u00bb text_font_size=\u00bb16px\u00bb header_font=\u00bbFaustina||||||||\u00bb header_text_color=\u00bb#0e7162&#8243; header_font_size=\u00bb60px\u00bb header_line_height=\u00bb1.3em\u00bb text_orientation=\u00bbcenter\u00bb max_width=\u00bb800px\u00bb module_alignment=\u00bbcenter\u00bb custom_margin=\u00bb-31px|||||\u00bb custom_padding=\u00bb14px|||||\u00bb global_colors_info=\u00bb{}\u00bb]<\/p>\n<p style=\"text-align: left;\"><span style=\"color: #ffffff;\">Navegue por nuestra gran selecci\u00f3n de contenidos de c\u00f3digo abierto disponibles para ser almacenados en <strong>UNI<\/strong>.<\/span><\/p>\n<p>[\/et_pb_text][\/et_pb_column][et_pb_column type=\u00bb2_5&#8243; _builder_version=\u00bb4.16&#8243; custom_padding=\u00bb80px||40px|\u00bb custom_padding_tablet=\u00bb0px||\u00bb custom_padding_phone=\u00bb\u00bb custom_padding_last_edited=\u00bbon|tablet\u00bb global_colors_info=\u00bb{}\u00bb padding_tablet=\u00bb0px||\u00bb padding_last_edited=\u00bbon|tablet\u00bb custom_padding__hover=\u00bb|||\u00bb padding_phone=\u00bb0px||\u00bb][\/et_pb_column][\/et_pb_row][\/et_pb_section][et_pb_section fb_built=\u00bb1&#8243; _builder_version=\u00bb4.19.2&#8243; _module_preset=\u00bbdefault\u00bb hover_enabled=\u00bb0&#8243; global_colors_info=\u00bb{}\u00bb admin_label=\u00bbContent Library\u00bb sticky_enabled=\u00bb0&#8243; collapsed=\u00bbon\u00bb][et_pb_row _builder_version=\u00bb4.19.2&#8243; _module_preset=\u00bbdefault\u00bb hover_enabled=\u00bb0&#8243; global_colors_info=\u00bb{}\u00bb admin_label=\u00bbTitle\u00bb sticky_enabled=\u00bb0&#8243; collapsed=\u00bboff\u00bb][et_pb_column type=\u00bb4_4&#8243; _builder_version=\u00bb4.16&#8243; _module_preset=\u00bbdefault\u00bb global_colors_info=\u00bb{}\u00bb][et_pb_text _builder_version=\u00bb4.18.0&#8243; _module_preset=\u00bbdefault\u00bb header_font=\u00bb||||||||\u00bb inline_fonts=\u00bbFaustina\u00bb global_colors_info=\u00bb{}\u00bb]<\/p>\n<h1 style=\"text-align: center;\"><span style=\"font-family: Faustina; font-weight: normal; color: #008080;\"><strong>Descubra la biblioteca de contenidos educativos de Grey-box UNI<\/strong><\/span><\/h1>\n<p>[\/et_pb_text][\/et_pb_column][\/et_pb_row][et_pb_row _builder_version=\u00bb4.19.2&#8243; _module_preset=\u00bbdefault\u00bb hover_enabled=\u00bb0&#8243; global_colors_info=\u00bb{}\u00bb admin_label=\u00bbContent Library Row\u00bb sticky_enabled=\u00bb0&#8243;][et_pb_column type=\u00bb4_4&#8243; _builder_version=\u00bb4.16&#8243; _module_preset=\u00bbdefault\u00bb global_colors_info=\u00bb{}\u00bb][et_pb_text _builder_version=\u00bb4.18.1&#8243; text_font=\u00bb|600|||||||\u00bb text_font_size=\u00bb16px\u00bb header_font=\u00bbFaustina||||||||\u00bb header_text_color=\u00bb#0e7162&#8243; header_font_size=\u00bb60px\u00bb header_line_height=\u00bb1.3em\u00bb background_color=\u00bb#4f4f4f\u00bb text_orientation=\u00bbcenter\u00bb module_alignment=\u00bbcenter\u00bb custom_margin=\u00bb||||false|false\u00bb custom_padding=\u00bb20px|50px|20px|50px|true|true\u00bb global_colors_info=\u00bb{}\u00bb]<\/p>\n<p style=\"text-align: left;\"><span style=\"color: #ffffff;\">Los recursos educativos son totalmente personalizables y est\u00e1n elaborados por usted, para que se adapten mejor a sus necesidades. Los educadores y estudiantes de zonas remotas pueden conectarse f\u00e1cilmente a <strong><span style=\"color: #12876f;\"><a href=\"https:\/\/www.grey-box.ca\/es\/uni\/\" style=\"color: #12876f; text-decoration: underline;\">UNI<\/a><\/span><\/strong> y acceder a los contenidos digitales sin necesidad de conectarse a Internet.<\/span><\/p>\n<p>[\/et_pb_text][\/et_pb_column][\/et_pb_row][\/et_pb_section][et_pb_section fb_built=\u00bb1&#8243; _builder_version=\u00bb4.19.2&#8243; _module_preset=\u00bbdefault\u00bb hover_enabled=\u00bb0&#8243; global_colors_info=\u00bb{}\u00bb admin_label=\u00bbData Table section\u00bb sticky_enabled=\u00bb0&#8243;][et_pb_row _builder_version=\u00bb4.19.2&#8243; _module_preset=\u00bbdefault\u00bb hover_enabled=\u00bb0&#8243; global_colors_info=\u00bb{}\u00bb admin_label=\u00bbData Table Row\u00bb sticky_enabled=\u00bb0&#8243;][et_pb_column type=\u00bb4_4&#8243; _builder_version=\u00bb4.16&#8243; _module_preset=\u00bbdefault\u00bb global_colors_info=\u00bb{}\u00bb][DIVI_wpDataTable id=\u00bb9&#8243; module_class=\u00bbavailable-content\u00bb _builder_version=\u00bb4.18.0&#8243; _module_preset=\u00bbdefault\u00bb global_colors_info=\u00bb{}\u00bb][\/DIVI_wpDataTable][\/et_pb_column][\/et_pb_row][\/et_pb_section][et_pb_section fb_built=\u00bb1&#8243; _builder_version=\u00bb4.19.2&#8243; _module_preset=\u00bbdefault\u00bb background_color=\u00bb#FFFFFF\u00bb scroll_scaling=\u00bb10|40|60|90|70|100|100&#8243; motion_trigger_start=\u00bbtop\u00bb hover_enabled=\u00bb0&#8243; global_colors_info=\u00bb{}\u00bb admin_label=\u00bbDeployment CTA section\u00bb sticky_enabled=\u00bb0&#8243;][et_pb_row _builder_version=\u00bb4.19.2&#8243; _module_preset=\u00bbdefault\u00bb background_color=\u00bb#FFFFFF\u00bb scroll_scaling_enable=\u00bbon\u00bb scroll_scaling=\u00bb0|30|70|100|100%|110%|100&#8243; hover_enabled=\u00bb0&#8243; box_shadow_style=\u00bbpreset3&#8243; global_colors_info=\u00bb{}\u00bb admin_label=\u00bbDeployment CTA\u00bb sticky_enabled=\u00bb0&#8243;][et_pb_column type=\u00bb4_4&#8243; _builder_version=\u00bb4.16&#8243; _module_preset=\u00bbdefault\u00bb global_colors_info=\u00bb{}\u00bb][et_pb_cta title=\u00bb\u00bfSiguiente paso? Despliegue.\u00bb button_url=\u00bbhttp:\/\/www.grey-box.ca\/contact\/\u00bb button_text=\u00bbHablemos\u00bb _builder_version=\u00bb4.19.2&#8243; _module_preset=\u00bbdefault\u00bb header_level=\u00bbh1&#8243; header_font=\u00bbFaustina|600|||||||\u00bb header_text_color=\u00bb#000000&#8243; header_letter_spacing=\u00bb1px\u00bb header_line_height=\u00bb1.7em\u00bb body_text_align=\u00bbcenter\u00bb body_font_size=\u00bb16px\u00bb body_line_height=\u00bb2.1em\u00bb background_color=\u00bb#FFFFFF\u00bb custom_button=\u00bbon\u00bb button_bg_color=\u00bb#12876F\u00bb button_border_width=\u00bb0px\u00bb button_border_radius=\u00bb51px\u00bb button_letter_spacing=\u00bb1px\u00bb button_font=\u00bb|600|||||||\u00bb button_alignment=\u00bbcenter\u00bb custom_margin=\u00bb|50px||50px|true|true\u00bb custom_margin_tablet=\u00bb\u00bb custom_margin_phone=\u00bb|0px||0px|true|true\u00bb custom_margin_last_edited=\u00bbon|desktop\u00bb hover_enabled=\u00bb0&#8243; body_font_size_tablet=\u00bb\u00bb body_font_size_phone=\u00bb\u00bb body_font_size_last_edited=\u00bbon|phone\u00bb global_colors_info=\u00bb{}\u00bb button_text__hover_enabled=\u00bbon|hover\u00bb button_text__hover=\u00bbLet&#8217;s talk\u00bb sticky_enabled=\u00bb0&#8243;]<\/p>\n<p><span style=\"color: #000000;\">Si forma parte de una organizaci\u00f3n no gubernamental (ONG) o de una organizaci\u00f3n comunitaria local, p\u00f3ngase en contacto con nosotros y podremos charlar sobre c\u00f3mo UNI puede llevar el impacto de su organizaci\u00f3n sobre el terreno al siguiente nivel.<\/span><\/p>\n<p>[\/et_pb_cta][\/et_pb_column][\/et_pb_row][\/et_pb_section]<\/p>\n","protected":false},"excerpt":{"rendered":"<p>Contenido disponibleNavegue por nuestra gran selecci\u00f3n de contenidos de c\u00f3digo abierto disponibles para ser almacenados en UNI.Contenido disponibleNavegue por nuestra gran selecci\u00f3n de contenidos de c\u00f3digo abierto disponibles para ser almacenados en UNI.Descubra la biblioteca de contenidos educativos de Grey-box UNILos recursos educativos son totalmente personalizables y est\u00e1n elaborados por usted, para que se adapten [&hellip;]<\/p>\n","protected":false},"author":64,"featured_media":0,"parent":0,"menu_order":0,"comment_status":"closed","ping_status":"closed","template":"","meta":{"_et_pb_use_builder":"on","_et_pb_old_content":"","_et_gb_content_width":"","content-type":"","footnotes":""},"class_list":["post-5854","page","type-page","status-publish","hentry"],"yoast_head":"<!-- This site is optimized with the Yoast SEO plugin v21.0 - https:\/\/yoast.com\/wordpress\/plugins\/seo\/ -->\n<title>Contenido disponible | grey-box.ca<\/title>\n<meta name=\"description\" content=\"Navegue por los contenidos disponibles que ofrecemos para la UNI. Navegue por diferentes temas, bases de datos, categor\u00edas y mucho m\u00e1s.\" \/>\n<meta name=\"robots\" content=\"index, follow, max-snippet:-1, max-image-preview:large, max-video-preview:-1\" \/>\n<link rel=\"canonical\" href=\"https:\/\/www.grey-box.ca\/es\/contenido-disponible\/\" \/>\n<meta property=\"og:locale\" content=\"es_ES\" \/>\n<meta property=\"og:type\" content=\"article\" \/>\n<meta property=\"og:title\" content=\"Contenido disponible | grey-box.ca\" \/>\n<meta property=\"og:description\" content=\"Navegue por los contenidos disponibles que ofrecemos para la UNI. Navegue por diferentes temas, bases de datos, categor\u00edas y mucho m\u00e1s.\" \/>\n<meta property=\"og:url\" content=\"https:\/\/www.grey-box.ca\/es\/contenido-disponible\/\" \/>\n<meta property=\"og:site_name\" content=\"grey-box.ca\" \/>\n<meta property=\"article:publisher\" content=\"https:\/\/www.facebook.com\/greyboxORG\/\" \/>\n<meta property=\"article:modified_time\" content=\"2024-03-11T23:12:12+00:00\" \/>\n<meta name=\"twitter:card\" content=\"summary_large_image\" \/>\n<meta name=\"twitter:site\" content=\"@greyboxproject\" \/>\n<meta name=\"twitter:label1\" content=\"Tiempo de lectura\" \/>\n\t<meta name=\"twitter:data1\" content=\"6 minutos\" \/>\n<script type=\"application\/ld+json\" class=\"yoast-schema-graph\">{\"@context\":\"https:\/\/schema.org\",\"@graph\":[{\"@type\":\"WebPage\",\"@id\":\"https:\/\/www.grey-box.ca\/es\/contenido-disponible\/\",\"url\":\"https:\/\/www.grey-box.ca\/es\/contenido-disponible\/\",\"name\":\"Contenido disponible | grey-box.ca\",\"isPartOf\":{\"@id\":\"https:\/\/www.grey-box.ca\/es\/#website\"},\"datePublished\":\"2021-08-17T18:13:45+00:00\",\"dateModified\":\"2024-03-11T23:12:12+00:00\",\"description\":\"Navegue por los contenidos disponibles que ofrecemos para la UNI. Navegue por diferentes temas, bases de datos, categor\u00edas y mucho m\u00e1s.\",\"breadcrumb\":{\"@id\":\"https:\/\/www.grey-box.ca\/es\/contenido-disponible\/#breadcrumb\"},\"inLanguage\":\"es\",\"potentialAction\":[{\"@type\":\"ReadAction\",\"target\":[\"https:\/\/www.grey-box.ca\/es\/contenido-disponible\/\"]}]},{\"@type\":\"BreadcrumbList\",\"@id\":\"https:\/\/www.grey-box.ca\/es\/contenido-disponible\/#breadcrumb\",\"itemListElement\":[{\"@type\":\"ListItem\",\"position\":1,\"name\":\"Home\",\"item\":\"https:\/\/www.grey-box.ca\/es\/\"},{\"@type\":\"ListItem\",\"position\":2,\"name\":\"Contenido disponible\"}]},{\"@type\":\"WebSite\",\"@id\":\"https:\/\/www.grey-box.ca\/es\/#website\",\"url\":\"https:\/\/www.grey-box.ca\/es\/\",\"name\":\"grey-box.ca\",\"description\":\"The right set of tools for the right cause\",\"publisher\":{\"@id\":\"https:\/\/www.grey-box.ca\/es\/#organization\"},\"potentialAction\":[{\"@type\":\"SearchAction\",\"target\":{\"@type\":\"EntryPoint\",\"urlTemplate\":\"https:\/\/www.grey-box.ca\/es\/?s={search_term_string}\"},\"query-input\":\"required name=search_term_string\"}],\"inLanguage\":\"es\"},{\"@type\":\"Organization\",\"@id\":\"https:\/\/www.grey-box.ca\/es\/#organization\",\"name\":\"Grey-Box\",\"url\":\"https:\/\/www.grey-box.ca\/es\/\",\"logo\":{\"@type\":\"ImageObject\",\"inLanguage\":\"es\",\"@id\":\"https:\/\/www.grey-box.ca\/es\/#\/schema\/logo\/image\/\",\"url\":\"https:\/\/www.grey-box.ca\/wp-content\/uploads\/2018\/05\/logoGREY-BOX.jpg\",\"contentUrl\":\"https:\/\/www.grey-box.ca\/wp-content\/uploads\/2018\/05\/logoGREY-BOX.jpg\",\"width\":512,\"height\":512,\"caption\":\"Grey-Box\"},\"image\":{\"@id\":\"https:\/\/www.grey-box.ca\/es\/#\/schema\/logo\/image\/\"},\"sameAs\":[\"https:\/\/www.facebook.com\/greyboxORG\/\",\"https:\/\/twitter.com\/greyboxproject\",\"https:\/\/www.linkedin.com\/company\/greyboxproject\",\"https:\/\/www.instagram.com\/greyboxproject\/\"]}]}<\/script>\n<!-- \/ Yoast SEO plugin. -->","yoast_head_json":{"title":"Contenido disponible | grey-box.ca","description":"Navegue por los contenidos disponibles que ofrecemos para la UNI. Navegue por diferentes temas, bases de datos, categor\u00edas y mucho m\u00e1s.","robots":{"index":"index","follow":"follow","max-snippet":"max-snippet:-1","max-image-preview":"max-image-preview:large","max-video-preview":"max-video-preview:-1"},"canonical":"https:\/\/www.grey-box.ca\/es\/contenido-disponible\/","og_locale":"es_ES","og_type":"article","og_title":"Contenido disponible | grey-box.ca","og_description":"Navegue por los contenidos disponibles que ofrecemos para la UNI. Navegue por diferentes temas, bases de datos, categor\u00edas y mucho m\u00e1s.","og_url":"https:\/\/www.grey-box.ca\/es\/contenido-disponible\/","og_site_name":"grey-box.ca","article_publisher":"https:\/\/www.facebook.com\/greyboxORG\/","article_modified_time":"2024-03-11T23:12:12+00:00","twitter_card":"summary_large_image","twitter_site":"@greyboxproject","twitter_misc":{"Tiempo de lectura":"6 minutos"},"schema":{"@context":"https:\/\/schema.org","@graph":[{"@type":"WebPage","@id":"https:\/\/www.grey-box.ca\/es\/contenido-disponible\/","url":"https:\/\/www.grey-box.ca\/es\/contenido-disponible\/","name":"Contenido disponible | grey-box.ca","isPartOf":{"@id":"https:\/\/www.grey-box.ca\/es\/#website"},"datePublished":"2021-08-17T18:13:45+00:00","dateModified":"2024-03-11T23:12:12+00:00","description":"Navegue por los contenidos disponibles que ofrecemos para la UNI. Navegue por diferentes temas, bases de datos, categor\u00edas y mucho m\u00e1s.","breadcrumb":{"@id":"https:\/\/www.grey-box.ca\/es\/contenido-disponible\/#breadcrumb"},"inLanguage":"es","potentialAction":[{"@type":"ReadAction","target":["https:\/\/www.grey-box.ca\/es\/contenido-disponible\/"]}]},{"@type":"BreadcrumbList","@id":"https:\/\/www.grey-box.ca\/es\/contenido-disponible\/#breadcrumb","itemListElement":[{"@type":"ListItem","position":1,"name":"Home","item":"https:\/\/www.grey-box.ca\/es\/"},{"@type":"ListItem","position":2,"name":"Contenido disponible"}]},{"@type":"WebSite","@id":"https:\/\/www.grey-box.ca\/es\/#website","url":"https:\/\/www.grey-box.ca\/es\/","name":"grey-box.ca","description":"The right set of tools for the right cause","publisher":{"@id":"https:\/\/www.grey-box.ca\/es\/#organization"},"potentialAction":[{"@type":"SearchAction","target":{"@type":"EntryPoint","urlTemplate":"https:\/\/www.grey-box.ca\/es\/?s={search_term_string}"},"query-input":"required name=search_term_string"}],"inLanguage":"es"},{"@type":"Organization","@id":"https:\/\/www.grey-box.ca\/es\/#organization","name":"Grey-Box","url":"https:\/\/www.grey-box.ca\/es\/","logo":{"@type":"ImageObject","inLanguage":"es","@id":"https:\/\/www.grey-box.ca\/es\/#\/schema\/logo\/image\/","url":"https:\/\/www.grey-box.ca\/wp-content\/uploads\/2018\/05\/logoGREY-BOX.jpg","contentUrl":"https:\/\/www.grey-box.ca\/wp-content\/uploads\/2018\/05\/logoGREY-BOX.jpg","width":512,"height":512,"caption":"Grey-Box"},"image":{"@id":"https:\/\/www.grey-box.ca\/es\/#\/schema\/logo\/image\/"},"sameAs":["https:\/\/www.facebook.com\/greyboxORG\/","https:\/\/twitter.com\/greyboxproject","https:\/\/www.linkedin.com\/company\/greyboxproject","https:\/\/www.instagram.com\/greyboxproject\/"]}]}},"_links":{"self":[{"href":"https:\/\/www.grey-box.ca\/es\/wp-json\/wp\/v2\/pages\/5854"}],"collection":[{"href":"https:\/\/www.grey-box.ca\/es\/wp-json\/wp\/v2\/pages"}],"about":[{"href":"https:\/\/www.grey-box.ca\/es\/wp-json\/wp\/v2\/types\/page"}],"author":[{"embeddable":true,"href":"https:\/\/www.grey-box.ca\/es\/wp-json\/wp\/v2\/users\/64"}],"replies":[{"embeddable":true,"href":"https:\/\/www.grey-box.ca\/es\/wp-json\/wp\/v2\/comments?post=5854"}],"version-history":[{"count":54,"href":"https:\/\/www.grey-box.ca\/es\/wp-json\/wp\/v2\/pages\/5854\/revisions"}],"predecessor-version":[{"id":16728,"href":"https:\/\/www.grey-box.ca\/es\/wp-json\/wp\/v2\/pages\/5854\/revisions\/16728"}],"wp:attachment":[{"href":"https:\/\/www.grey-box.ca\/es\/wp-json\/wp\/v2\/media?parent=5854"}],"curies":[{"name":"wp","href":"https:\/\/api.w.org\/{rel}","templated":true}]}}