{"id":5300,"date":"2021-07-23T14:33:40","date_gmt":"2021-07-23T18:33:40","guid":{"rendered":"https:\/\/www.grey-box.ca\/contacte-con\/"},"modified":"2024-03-19T09:58:17","modified_gmt":"2024-03-19T13:58:17","slug":"contactenos","status":"publish","type":"page","link":"https:\/\/www.grey-box.ca\/es\/contactenos\/","title":{"rendered":"Contacte con"},"content":{"rendered":"<p>[et_pb_section fb_built=\u00bb1&#8243; admin_label=\u00bbContact Us Header\u00bb _builder_version=\u00bb4.18.0&#8243; background_color=\u00bb#f7f9f9&#8243; background_image=\u00bbhttps:\/\/www.grey-box.ca\/wp-content\/uploads\/2020\/11\/investing-12.jpg\u00bb module_alignment=\u00bbcenter\u00bb custom_padding=\u00bb||||false|false\u00bb hover_enabled=\u00bb0&#8243; collapsed=\u00bboff\u00bb global_colors_info=\u00bb{}\u00bb sticky_enabled=\u00bb0&#8243;][et_pb_row column_structure=\u00bb3_5,2_5&#8243; admin_label=\u00bbrow\u00bb _builder_version=\u00bb4.17.4&#8243; background_enable_color=\u00bboff\u00bb background_size=\u00bbinitial\u00bb background_position=\u00bbtop_left\u00bb background_repeat=\u00bbrepeat\u00bb width=\u00bb90%\u00bb max_width=\u00bb1428px\u00bb module_alignment=\u00bbcenter\u00bb custom_margin=\u00bb||||false|false\u00bb custom_padding=\u00bb2%||2%||true|false\u00bb custom_css_main_element=\u00bb||||\u00bb global_colors_info=\u00bb{}\u00bb][et_pb_column type=\u00bb3_5&#8243; module_class=\u00bbpa-inline-buttons\u00bb _builder_version=\u00bb4.17.4&#8243; background_color=\u00bbrgba(255,255,255,0.72)\u00bb custom_padding=\u00bb4%|4%|4%|4%|true|true\u00bb global_colors_info=\u00bb{}\u00bb custom_padding__hover=\u00bb|||\u00bb][et_pb_text _builder_version=\u00bb4.19.2&#8243; text_font=\u00bb||||||||\u00bb text_font_size=\u00bb22px\u00bb text_line_height=\u00bb2em\u00bb header_font=\u00bbFaustina|600|||||||\u00bb header_text_align=\u00bbcenter\u00bb header_text_color=\u00bb#008080&#8243; header_font_size=\u00bb60px\u00bb text_orientation=\u00bbcenter\u00bb max_width=\u00bb800px\u00bb module_alignment=\u00bbcenter\u00bb custom_margin=\u00bb||18px|||\u00bb hover_enabled=\u00bb0&#8243; header_font_size_tablet=\u00bb50px\u00bb header_font_size_phone=\u00bb40px\u00bb header_font_size_last_edited=\u00bbon|phone\u00bb ab_subject=\u00bbon\u00bb ab_subject_id=\u00bb1&#8243; global_colors_info=\u00bb{}\u00bb header_letter_spacing__hover_enabled=\u00bbon|desktop\u00bb admin_label=\u00bbContact  text\u00bb sticky_enabled=\u00bb0&#8243;]<\/p>\n<h1 style=\"text-align: left;\"><span style=\"color: #008080;\">Contacto<\/span><\/h1>\n<p>[\/et_pb_text][\/et_pb_column][et_pb_column type=\u00bb2_5&#8243; _builder_version=\u00bb4.17.4&#8243; background_enable_color=\u00bboff\u00bb custom_padding=\u00bb3%|3%|3%|3%|true|true\u00bb global_colors_info=\u00bb{}\u00bb custom_padding__hover=\u00bb|||\u00bb][\/et_pb_column][\/et_pb_row][\/et_pb_section][et_pb_section fb_built=\u00bb1&#8243; admin_label=\u00bbContact \u00bb _builder_version=\u00bb4.16&#8243; background_color=\u00bb#f4f4f4&#8243; global_colors_info=\u00bb{}\u00bb][et_pb_row column_structure=\u00bb3_5,2_5&#8243; admin_label=\u00bbMessage form\u00bb _builder_version=\u00bb4.19.2&#8243; max_width=\u00bb900px\u00bb hover_enabled=\u00bb0&#8243; use_custom_width=\u00bbon\u00bb custom_width_px=\u00bb900px\u00bb global_colors_info=\u00bb{}\u00bb sticky_enabled=\u00bb0&#8243;][et_pb_column type=\u00bb3_5&#8243; _builder_version=\u00bb4.16&#8243; custom_padding=\u00bb|||\u00bb global_colors_info=\u00bb{}\u00bb custom_padding__hover=\u00bb|||\u00bb][et_pb_contact_form use_spam_service=\u00bbon\u00bb recaptcha_list=\u00bbDefault|Default-0&#8243; email=\u00bbinfo@grey-box.ca\u00bb custom_message=\u00bbEl nombre de este contacto es: %%name%%||et_pb_line_break_holder||||et_pb_line_break_holder||La direcci\u00f3n de correo electr\u00f3nico de este contacto es: %%email%%||et_pb_line_break_holder||||et_pb_line_break_holder||El mensaje es: %%message%%\u00bb use_redirect=\u00bbon\u00bb redirect_url=\u00bbhttp:\/\/www.grey-box.ca\/thank-you-inquiry\/\u00bb submit_button_text=\u00bbENVIAR MENSAJE\u00bb submit_button_text_tablet=\u00bb\u00bb submit_button_text_phone=\u00bb\u00bb submit_button_text_last_edited=\u00bbon|desktop\u00bb admin_label=\u00bbContact Form\u00bb module_id=\u00bbnew_form\u00bb module_class=\u00bbet_pb_contact_form_fullwidth_button\u00bb _builder_version=\u00bb4.19.2&#8243; _module_preset=\u00bbdefault\u00bb _unique_id=\u00bbed88d3e8-dae7-49f6-b5d2-f660c24b40d1&#8243; form_field_font=\u00bb||||||||\u00bb custom_button=\u00bbon\u00bb button_text_color=\u00bb#ffffff\u00bb button_bg_color=\u00bb#12876f\u00bb button_border_radius=\u00bb50px\u00bb button_letter_spacing=\u00bb1px\u00bb button_font=\u00bb|600||on|||||\u00bb button_custom_margin=\u00bb15px||||false|false\u00bb button_text_size_tablet=\u00bb\u00bb button_text_size_phone=\u00bb16px\u00bb button_text_size_last_edited=\u00bbon|desktop\u00bb button_font_tablet=\u00bb\u00bb button_font_phone=\u00bb\u00bb button_font_last_edited=\u00bbon|desktop\u00bb custom_css_contact_button=\u00bbmargin: auto;||width: 100%;||margin-top: 25px;\u00bb custom_css_text_field=\u00bbresize: none;\u00bb ab_goal=\u00bbon\u00bb global_colors_info=\u00bb{}\u00bb][et_pb_contact_field field_id=\u00bbName\u00bb field_title=\u00bbNombre\u00bb _builder_version=\u00bb4.16&#8243; global_colors_info=\u00bb{}\u00bb button_text_size__hover_enabled=\u00bboff\u00bb button_one_text_size__hover_enabled=\u00bboff\u00bb button_two_text_size__hover_enabled=\u00bboff\u00bb button_text_color__hover_enabled=\u00bboff\u00bb button_one_text_color__hover_enabled=\u00bboff\u00bb button_two_text_color__hover_enabled=\u00bboff\u00bb button_border_width__hover_enabled=\u00bboff\u00bb button_one_border_width__hover_enabled=\u00bboff\u00bb button_two_border_width__hover_enabled=\u00bboff\u00bb button_border_color__hover_enabled=\u00bboff\u00bb button_one_border_color__hover_enabled=\u00bboff\u00bb button_two_border_color__hover_enabled=\u00bboff\u00bb button_border_radius__hover_enabled=\u00bboff\u00bb button_one_border_radius__hover_enabled=\u00bboff\u00bb button_two_border_radius__hover_enabled=\u00bboff\u00bb button_letter_spacing__hover_enabled=\u00bboff\u00bb button_one_letter_spacing__hover_enabled=\u00bboff\u00bb button_two_letter_spacing__hover_enabled=\u00bboff\u00bb button_bg_color__hover_enabled=\u00bboff\u00bb button_one_bg_color__hover_enabled=\u00bboff\u00bb button_two_bg_color__hover_enabled=\u00bboff\u00bb][\/et_pb_contact_field][et_pb_contact_field field_id=\u00bbEmail\u00bb field_title=\u00bbCorreo electr\u00f3nico\u00bb field_type=\u00bbemail\u00bb _builder_version=\u00bb4.16&#8243; global_colors_info=\u00bb{}\u00bb button_text_size__hover_enabled=\u00bboff\u00bb button_one_text_size__hover_enabled=\u00bboff\u00bb button_two_text_size__hover_enabled=\u00bboff\u00bb button_text_color__hover_enabled=\u00bboff\u00bb button_one_text_color__hover_enabled=\u00bboff\u00bb button_two_text_color__hover_enabled=\u00bboff\u00bb button_border_width__hover_enabled=\u00bboff\u00bb button_one_border_width__hover_enabled=\u00bboff\u00bb button_two_border_width__hover_enabled=\u00bboff\u00bb button_border_color__hover_enabled=\u00bboff\u00bb button_one_border_color__hover_enabled=\u00bboff\u00bb button_two_border_color__hover_enabled=\u00bboff\u00bb button_border_radius__hover_enabled=\u00bboff\u00bb button_one_border_radius__hover_enabled=\u00bboff\u00bb button_two_border_radius__hover_enabled=\u00bboff\u00bb button_letter_spacing__hover_enabled=\u00bboff\u00bb button_one_letter_spacing__hover_enabled=\u00bboff\u00bb button_two_letter_spacing__hover_enabled=\u00bboff\u00bb button_bg_color__hover_enabled=\u00bboff\u00bb button_one_bg_color__hover_enabled=\u00bboff\u00bb button_two_bg_color__hover_enabled=\u00bboff\u00bb][\/et_pb_contact_field][et_pb_contact_field field_id=\u00bbMessage\u00bb field_title=\u00bbMensaje\u00bb field_type=\u00bbtext\u00bb fullwidth_field=\u00bbon\u00bb _builder_version=\u00bb4.16&#8243; global_colors_info=\u00bb{}\u00bb button_text_size__hover_enabled=\u00bboff\u00bb button_one_text_size__hover_enabled=\u00bboff\u00bb button_two_text_size__hover_enabled=\u00bboff\u00bb button_text_color__hover_enabled=\u00bboff\u00bb button_one_text_color__hover_enabled=\u00bboff\u00bb button_two_text_color__hover_enabled=\u00bboff\u00bb button_border_width__hover_enabled=\u00bboff\u00bb button_one_border_width__hover_enabled=\u00bboff\u00bb button_two_border_width__hover_enabled=\u00bboff\u00bb button_border_color__hover_enabled=\u00bboff\u00bb button_one_border_color__hover_enabled=\u00bboff\u00bb button_two_border_color__hover_enabled=\u00bboff\u00bb button_border_radius__hover_enabled=\u00bboff\u00bb button_one_border_radius__hover_enabled=\u00bboff\u00bb button_two_border_radius__hover_enabled=\u00bboff\u00bb button_letter_spacing__hover_enabled=\u00bboff\u00bb button_one_letter_spacing__hover_enabled=\u00bboff\u00bb button_two_letter_spacing__hover_enabled=\u00bboff\u00bb button_bg_color__hover_enabled=\u00bboff\u00bb button_one_bg_color__hover_enabled=\u00bboff\u00bb button_two_bg_color__hover_enabled=\u00bboff\u00bb][\/et_pb_contact_field][\/et_pb_contact_form][\/et_pb_column][et_pb_column type=\u00bb2_5&#8243; _builder_version=\u00bb4.16&#8243; custom_padding=\u00bb|||\u00bb global_colors_info=\u00bb{}\u00bb custom_padding__hover=\u00bb|||\u00bb][et_pb_map address=\u00bb1250 Rue Guy, Montr\u00e9al, QC H3H 2T4, Canada\u00bb zoom_level=\u00bb14&#8243; address_lat=\u00bb45.497545391921&#8243; address_lng=\u00bb-73.572339597314&#8243; mouse_wheel=\u00bboff\u00bb mobile_dragging=\u00bboff\u00bb use_grayscale_filter=\u00bbon\u00bb admin_label=\u00bbMap\u00bb _builder_version=\u00bb4.16&#8243; _module_preset=\u00bbdefault\u00bb height=\u00bb500px\u00bb height_tablet=\u00bb\u00bb height_phone=\u00bb\u00bb height_last_edited=\u00bbon|desktop\u00bb hover_enabled=\u00bb0&#8243; global_colors_info=\u00bb{}\u00bb sticky_enabled=\u00bb0&#8243;][et_pb_map_pin pin_address=\u00bb1250 Rue Guy, Montr\u00e9al, QC H3H 2T4, Canada\u00bb pin_address_lat=\u00bb45.4947177&#8243; pin_address_lng=\u00bb-73.5776611&#8243; _builder_version=\u00bb4.6.0&#8243; _module_preset=\u00bbdefault\u00bb global_colors_info=\u00bb{}\u00bb][\/et_pb_map_pin][\/et_pb_map][\/et_pb_column][\/et_pb_row][\/et_pb_section]<\/p>\n","protected":false},"excerpt":{"rendered":"<p>Contacto<\/p>\n","protected":false},"author":1,"featured_media":5301,"parent":0,"menu_order":0,"comment_status":"closed","ping_status":"closed","template":"","meta":{"_et_pb_use_builder":"on","_et_pb_old_content":"","_et_gb_content_width":"","content-type":"","footnotes":""},"class_list":["post-5300","page","type-page","status-publish","has-post-thumbnail","hentry"],"yoast_head":"<!-- This site is optimized with the Yoast SEO plugin v21.0 - https:\/\/yoast.com\/wordpress\/plugins\/seo\/ -->\n<title>Cont\u00e1ctenos | Grey-box - Acceso inal\u00e1mbrico a recursos digitales<\/title>\n<meta name=\"description\" content=\"Buscamos socios de ONG locales para poner en marcha nuestro proyecto piloto. Mant\u00e9ngase al d\u00eda de lo que hacemos suscribi\u00e9ndose a nuestro bolet\u00edn. P\u00f3ngase en contacto con nosotros para saber m\u00e1s.\" \/>\n<meta name=\"robots\" content=\"index, follow, max-snippet:-1, max-image-preview:large, max-video-preview:-1\" \/>\n<link rel=\"canonical\" href=\"https:\/\/www.grey-box.ca\/es\/contactenos\/\" \/>\n<meta property=\"og:locale\" content=\"es_ES\" \/>\n<meta property=\"og:type\" content=\"article\" \/>\n<meta property=\"og:title\" content=\"Cont\u00e1ctenos | Grey-box - Acceso inal\u00e1mbrico a recursos digitales\" \/>\n<meta property=\"og:description\" content=\"Buscamos socios de ONG locales para poner en marcha nuestro proyecto piloto. Mant\u00e9ngase al d\u00eda de lo que hacemos suscribi\u00e9ndose a nuestro bolet\u00edn. P\u00f3ngase en contacto con nosotros para saber m\u00e1s.\" \/>\n<meta property=\"og:url\" content=\"https:\/\/www.grey-box.ca\/es\/contactenos\/\" \/>\n<meta property=\"og:site_name\" content=\"grey-box.ca\" \/>\n<meta property=\"article:publisher\" content=\"https:\/\/www.facebook.com\/greyboxORG\/\" \/>\n<meta property=\"article:modified_time\" content=\"2024-03-19T13:58:17+00:00\" \/>\n<meta property=\"og:image\" content=\"https:\/\/www.grey-box.ca\/wp-content\/uploads\/2020\/11\/investing-12.jpg\" \/>\n\t<meta property=\"og:image:width\" content=\"1080\" \/>\n\t<meta property=\"og:image:height\" content=\"725\" \/>\n\t<meta property=\"og:image:type\" content=\"image\/jpeg\" \/>\n<meta name=\"twitter:card\" content=\"summary_large_image\" \/>\n<meta name=\"twitter:site\" content=\"@greyboxproject\" \/>\n<meta name=\"twitter:label1\" content=\"Tiempo de lectura\" \/>\n\t<meta name=\"twitter:data1\" content=\"6 minutos\" \/>\n<script type=\"application\/ld+json\" class=\"yoast-schema-graph\">{\"@context\":\"https:\/\/schema.org\",\"@graph\":[{\"@type\":\"WebPage\",\"@id\":\"https:\/\/www.grey-box.ca\/es\/contactenos\/\",\"url\":\"https:\/\/www.grey-box.ca\/es\/contactenos\/\",\"name\":\"Cont\u00e1ctenos | Grey-box - Acceso inal\u00e1mbrico a recursos digitales\",\"isPartOf\":{\"@id\":\"https:\/\/www.grey-box.ca\/es\/#website\"},\"datePublished\":\"2021-07-23T18:33:40+00:00\",\"dateModified\":\"2024-03-19T13:58:17+00:00\",\"description\":\"Buscamos socios de ONG locales para poner en marcha nuestro proyecto piloto. Mant\u00e9ngase al d\u00eda de lo que hacemos suscribi\u00e9ndose a nuestro bolet\u00edn. P\u00f3ngase en contacto con nosotros para saber m\u00e1s.\",\"breadcrumb\":{\"@id\":\"https:\/\/www.grey-box.ca\/es\/contactenos\/#breadcrumb\"},\"inLanguage\":\"es\",\"potentialAction\":[{\"@type\":\"ReadAction\",\"target\":[\"https:\/\/www.grey-box.ca\/es\/contactenos\/\"]}]},{\"@type\":\"BreadcrumbList\",\"@id\":\"https:\/\/www.grey-box.ca\/es\/contactenos\/#breadcrumb\",\"itemListElement\":[{\"@type\":\"ListItem\",\"position\":1,\"name\":\"Home\",\"item\":\"https:\/\/www.grey-box.ca\/es\/\"},{\"@type\":\"ListItem\",\"position\":2,\"name\":\"Contacte con\"}]},{\"@type\":\"WebSite\",\"@id\":\"https:\/\/www.grey-box.ca\/es\/#website\",\"url\":\"https:\/\/www.grey-box.ca\/es\/\",\"name\":\"grey-box.ca\",\"description\":\"The right set of tools for the right cause\",\"publisher\":{\"@id\":\"https:\/\/www.grey-box.ca\/es\/#organization\"},\"potentialAction\":[{\"@type\":\"SearchAction\",\"target\":{\"@type\":\"EntryPoint\",\"urlTemplate\":\"https:\/\/www.grey-box.ca\/es\/?s={search_term_string}\"},\"query-input\":\"required name=search_term_string\"}],\"inLanguage\":\"es\"},{\"@type\":\"Organization\",\"@id\":\"https:\/\/www.grey-box.ca\/es\/#organization\",\"name\":\"Grey-Box\",\"url\":\"https:\/\/www.grey-box.ca\/es\/\",\"logo\":{\"@type\":\"ImageObject\",\"inLanguage\":\"es\",\"@id\":\"https:\/\/www.grey-box.ca\/es\/#\/schema\/logo\/image\/\",\"url\":\"https:\/\/www.grey-box.ca\/wp-content\/uploads\/2018\/05\/logoGREY-BOX.jpg\",\"contentUrl\":\"https:\/\/www.grey-box.ca\/wp-content\/uploads\/2018\/05\/logoGREY-BOX.jpg\",\"width\":512,\"height\":512,\"caption\":\"Grey-Box\"},\"image\":{\"@id\":\"https:\/\/www.grey-box.ca\/es\/#\/schema\/logo\/image\/\"},\"sameAs\":[\"https:\/\/www.facebook.com\/greyboxORG\/\",\"https:\/\/twitter.com\/greyboxproject\",\"https:\/\/www.linkedin.com\/company\/greyboxproject\",\"https:\/\/www.instagram.com\/greyboxproject\/\"]}]}<\/script>\n<!-- \/ Yoast SEO plugin. -->","yoast_head_json":{"title":"Cont\u00e1ctenos | Grey-box - Acceso inal\u00e1mbrico a recursos digitales","description":"Buscamos socios de ONG locales para poner en marcha nuestro proyecto piloto. Mant\u00e9ngase al d\u00eda de lo que hacemos suscribi\u00e9ndose a nuestro bolet\u00edn. P\u00f3ngase en contacto con nosotros para saber m\u00e1s.","robots":{"index":"index","follow":"follow","max-snippet":"max-snippet:-1","max-image-preview":"max-image-preview:large","max-video-preview":"max-video-preview:-1"},"canonical":"https:\/\/www.grey-box.ca\/es\/contactenos\/","og_locale":"es_ES","og_type":"article","og_title":"Cont\u00e1ctenos | Grey-box - Acceso inal\u00e1mbrico a recursos digitales","og_description":"Buscamos socios de ONG locales para poner en marcha nuestro proyecto piloto. Mant\u00e9ngase al d\u00eda de lo que hacemos suscribi\u00e9ndose a nuestro bolet\u00edn. P\u00f3ngase en contacto con nosotros para saber m\u00e1s.","og_url":"https:\/\/www.grey-box.ca\/es\/contactenos\/","og_site_name":"grey-box.ca","article_publisher":"https:\/\/www.facebook.com\/greyboxORG\/","article_modified_time":"2024-03-19T13:58:17+00:00","og_image":[{"width":1080,"height":725,"url":"https:\/\/www.grey-box.ca\/wp-content\/uploads\/2020\/11\/investing-12.jpg","type":"image\/jpeg"}],"twitter_card":"summary_large_image","twitter_site":"@greyboxproject","twitter_misc":{"Tiempo de lectura":"6 minutos"},"schema":{"@context":"https:\/\/schema.org","@graph":[{"@type":"WebPage","@id":"https:\/\/www.grey-box.ca\/es\/contactenos\/","url":"https:\/\/www.grey-box.ca\/es\/contactenos\/","name":"Cont\u00e1ctenos | Grey-box - Acceso inal\u00e1mbrico a recursos digitales","isPartOf":{"@id":"https:\/\/www.grey-box.ca\/es\/#website"},"datePublished":"2021-07-23T18:33:40+00:00","dateModified":"2024-03-19T13:58:17+00:00","description":"Buscamos socios de ONG locales para poner en marcha nuestro proyecto piloto. Mant\u00e9ngase al d\u00eda de lo que hacemos suscribi\u00e9ndose a nuestro bolet\u00edn. P\u00f3ngase en contacto con nosotros para saber m\u00e1s.","breadcrumb":{"@id":"https:\/\/www.grey-box.ca\/es\/contactenos\/#breadcrumb"},"inLanguage":"es","potentialAction":[{"@type":"ReadAction","target":["https:\/\/www.grey-box.ca\/es\/contactenos\/"]}]},{"@type":"BreadcrumbList","@id":"https:\/\/www.grey-box.ca\/es\/contactenos\/#breadcrumb","itemListElement":[{"@type":"ListItem","position":1,"name":"Home","item":"https:\/\/www.grey-box.ca\/es\/"},{"@type":"ListItem","position":2,"name":"Contacte con"}]},{"@type":"WebSite","@id":"https:\/\/www.grey-box.ca\/es\/#website","url":"https:\/\/www.grey-box.ca\/es\/","name":"grey-box.ca","description":"The right set of tools for the right cause","publisher":{"@id":"https:\/\/www.grey-box.ca\/es\/#organization"},"potentialAction":[{"@type":"SearchAction","target":{"@type":"EntryPoint","urlTemplate":"https:\/\/www.grey-box.ca\/es\/?s={search_term_string}"},"query-input":"required name=search_term_string"}],"inLanguage":"es"},{"@type":"Organization","@id":"https:\/\/www.grey-box.ca\/es\/#organization","name":"Grey-Box","url":"https:\/\/www.grey-box.ca\/es\/","logo":{"@type":"ImageObject","inLanguage":"es","@id":"https:\/\/www.grey-box.ca\/es\/#\/schema\/logo\/image\/","url":"https:\/\/www.grey-box.ca\/wp-content\/uploads\/2018\/05\/logoGREY-BOX.jpg","contentUrl":"https:\/\/www.grey-box.ca\/wp-content\/uploads\/2018\/05\/logoGREY-BOX.jpg","width":512,"height":512,"caption":"Grey-Box"},"image":{"@id":"https:\/\/www.grey-box.ca\/es\/#\/schema\/logo\/image\/"},"sameAs":["https:\/\/www.facebook.com\/greyboxORG\/","https:\/\/twitter.com\/greyboxproject","https:\/\/www.linkedin.com\/company\/greyboxproject","https:\/\/www.instagram.com\/greyboxproject\/"]}]}},"_links":{"self":[{"href":"https:\/\/www.grey-box.ca\/es\/wp-json\/wp\/v2\/pages\/5300"}],"collection":[{"href":"https:\/\/www.grey-box.ca\/es\/wp-json\/wp\/v2\/pages"}],"about":[{"href":"https:\/\/www.grey-box.ca\/es\/wp-json\/wp\/v2\/types\/page"}],"author":[{"embeddable":true,"href":"https:\/\/www.grey-box.ca\/es\/wp-json\/wp\/v2\/users\/1"}],"replies":[{"embeddable":true,"href":"https:\/\/www.grey-box.ca\/es\/wp-json\/wp\/v2\/comments?post=5300"}],"version-history":[{"count":31,"href":"https:\/\/www.grey-box.ca\/es\/wp-json\/wp\/v2\/pages\/5300\/revisions"}],"predecessor-version":[{"id":16841,"href":"https:\/\/www.grey-box.ca\/es\/wp-json\/wp\/v2\/pages\/5300\/revisions\/16841"}],"wp:featuredmedia":[{"embeddable":true,"href":"https:\/\/www.grey-box.ca\/es\/wp-json\/wp\/v2\/media\/5301"}],"wp:attachment":[{"href":"https:\/\/www.grey-box.ca\/es\/wp-json\/wp\/v2\/media?parent=5300"}],"curies":[{"name":"wp","href":"https:\/\/api.w.org\/{rel}","templated":true}]}}